{"id":9933,"date":"2026-03-10T02:45:38","date_gmt":"2026-03-10T02:45:38","guid":{"rendered":"https:\/\/walkin.tn\/?post_type=product&#038;p=9933"},"modified":"2026-03-10T02:45:40","modified_gmt":"2026-03-10T02:45:40","slug":"nike-air-max-95-baltic-blue","status":"publish","type":"product","link":"https:\/\/walkin.tn\/?product=nike-air-max-95-baltic-blue","title":{"rendered":"Nike Air Max 95 &lsquo;Baltic Blue&rsquo;"},"content":{"rendered":"<h2 class=\"ltr-slxvo\" data-component=\"AccordionHeading\"><button id=\"accordion-unid-19-button-0\" class=\"ltr-g3vsg\" data-component=\"AccordionButton\" aria-controls=\"accordion-unid-19-section-0\" aria-expanded=\"true\" data-expanded=\"true\" aria-disabled=\"false\"><span class=\"ltr-1ozsvg7\" data-expanded=\"true\" data-component=\"ButtonText\">INFORMATIONS PRODUIT<\/span><\/button><\/h2>\n<div id=\"accordion-unid-19-section-0\" class=\"ltr-a7y6iw\" role=\"region\" data-component=\"AccordionPanel\" data-expanded=\"true\" aria-labelledby=\"accordion-unid-19-button-0\">\n<div class=\"ltr-1kok7po\" data-component=\"InnerPanel\">\n<div class=\"ltr-jeopbd\">\n<div><a class=\"ltr-194u1uv-Heading\" dir=\"ltr\" href=\"https:\/\/www.farfetch.com\/ma\/shopping\/men\/nike\/items.aspx\" data-ffref=\"pp_infobrd\" data-component=\"HeadingBold\">Nike<\/a><\/p>\n<p class=\"ltr-4y8w0i-Body\" data-component=\"Body\">baskets Air Max 95 &lsquo;Baltic Blue&rsquo;<\/p>\n<\/div>\n<div class=\"ltr-fzg9du e1yiqd0\">\n<h4 class=\"ltr-2pfgen-Body-BodyBold\" data-component=\"BodyBold\">D\u00e9tails<\/h4>\n<ul class=\"_fdc1e5\">\n<li class=\"ltr-4y8w0i-Body\" data-component=\"Body\">gris<\/li>\n<li class=\"ltr-4y8w0i-Body\" data-component=\"Body\">fermeture \u00e0 lacer sur le devant<\/li>\n<li class=\"ltr-4y8w0i-Body\" data-component=\"Body\">contrefort \u00e0 logo<\/li>\n<li class=\"ltr-4y8w0i-Body\" data-component=\"Body\">logo Swoosh signature<\/li>\n<li class=\"ltr-4y8w0i-Body\" data-component=\"Body\">languette \u00e0 logo brod\u00e9<\/li>\n<li class=\"ltr-4y8w0i-Body\" data-component=\"Body\">bout rond<\/li>\n<li class=\"ltr-4y8w0i-Body\" data-component=\"Body\">semelle Nike Air en caoutchouc<\/li>\n<li class=\"ltr-4y8w0i-Body\" data-component=\"Body\">Ces mod\u00e8les sont fournis par une plateforme de baskets premium et authentifi\u00e9es. Cette paire vous est propos\u00e9e par un fournisseur premium de baskets dont la s\u00e9lection se compose des mod\u00e8les les plus rares et les plus recherch\u00e9s au monde.<\/li>\n<\/ul>\n<\/div>\n<div class=\"ltr-92qs1a\">\n<h4 class=\"ltr-2pfgen-Body-BodyBold\" data-component=\"BodyBold\">Composition<\/h4>\n<p class=\"ltr-4y8w0i-Body\" data-component=\"Body\"><span class=\"ltr-4y8w0i-Body\" data-component=\"Body\">Ext\u00e9rieur : <\/span><span class=\"ltr-4y8w0i-Body\" data-component=\"Body\">cuir de veau 100%, <\/span><span class=\"ltr-4y8w0i-Body\" data-component=\"Body\">tissu 100%<\/span><\/p>\n<p class=\"ltr-4y8w0i-Body\" data-component=\"Body\"><span class=\"ltr-4y8w0i-Body\" data-component=\"Body\">Doublure : <\/span><span class=\"ltr-4y8w0i-Body\" data-component=\"Body\">tissu 100%<\/span><\/p>\n<p class=\"ltr-4y8w0i-Body\" data-component=\"Body\"><span class=\"ltr-4y8w0i-Body\" data-component=\"Body\">Semelle : <\/span><span class=\"ltr-4y8w0i-Body\" data-component=\"Body\">caoutchouc 100%<\/span><\/p>\n<\/div>\n<\/div>\n<\/div>\n<\/div>\n","protected":false},"excerpt":{"rendered":"<p>INFORMATIONS PRODUIT Nike baskets Air Max 95 &lsquo;Baltic Blue&rsquo; D\u00e9tails gris fermeture \u00e0 lacer sur le devant contrefort \u00e0 logo logo Swoosh signature languette \u00e0 logo brod\u00e9 bout rond semelle Nike Air en caoutchouc Ces mod\u00e8les sont fournis par une plateforme de baskets premium et authentifi\u00e9es. Cette paire vous est propos\u00e9e par un fournisseur premium [&hellip;]<\/p>\n","protected":false},"featured_media":9935,"comment_status":"open","ping_status":"closed","template":"","meta":[],"product_brand":[],"product_cat":[76],"product_tag":[],"class_list":{"0":"post-9933","1":"product","2":"type-product","3":"status-publish","4":"has-post-thumbnail","6":"product_cat-nike","8":"first","9":"instock","10":"sale","11":"shipping-taxable","12":"purchasable","13":"product-type-variable"},"_links":{"self":[{"href":"https:\/\/walkin.tn\/index.php?rest_route=\/wp\/v2\/product\/9933","targetHints":{"allow":["GET"]}}],"collection":[{"href":"https:\/\/walkin.tn\/index.php?rest_route=\/wp\/v2\/product"}],"about":[{"href":"https:\/\/walkin.tn\/index.php?rest_route=\/wp\/v2\/types\/product"}],"replies":[{"embeddable":true,"href":"https:\/\/walkin.tn\/index.php?rest_route=%2Fwp%2Fv2%2Fcomments&post=9933"}],"wp:featuredmedia":[{"embeddable":true,"href":"https:\/\/walkin.tn\/index.php?rest_route=\/wp\/v2\/media\/9935"}],"wp:attachment":[{"href":"https:\/\/walkin.tn\/index.php?rest_route=%2Fwp%2Fv2%2Fmedia&parent=9933"}],"wp:term":[{"taxonomy":"product_brand","embeddable":true,"href":"https:\/\/walkin.tn\/index.php?rest_route=%2Fwp%2Fv2%2Fproduct_brand&post=9933"},{"taxonomy":"product_cat","embeddable":true,"href":"https:\/\/walkin.tn\/index.php?rest_route=%2Fwp%2Fv2%2Fproduct_cat&post=9933"},{"taxonomy":"product_tag","embeddable":true,"href":"https:\/\/walkin.tn\/index.php?rest_route=%2Fwp%2Fv2%2Fproduct_tag&post=9933"}],"curies":[{"name":"wp","href":"https:\/\/api.w.org\/{rel}","templated":true}]}}