{"id":9871,"date":"2026-03-08T11:16:18","date_gmt":"2026-03-08T11:16:18","guid":{"rendered":"https:\/\/walkin.tn\/?post_type=product&#038;p=9871"},"modified":"2026-03-08T11:16:19","modified_gmt":"2026-03-08T11:16:19","slug":"reebok-premier-floatzig-shadow","status":"publish","type":"product","link":"https:\/\/walkin.tn\/?product=reebok-premier-floatzig-shadow","title":{"rendered":"Reebok Premier Floatzig Shadow"},"content":{"rendered":"<ul class=\"KsbFXc U6u95\" data-processed=\"true\">\n<li class=\"dF3vjf\" data-hveid=\"CAcQAA\" data-sae=\"\"><span class=\"T286Pc\" data-sfc-cp=\"\"><strong class=\"Yjhzub\">Design Hybride :<\/strong>\u00a0La chaussure combine un style \u00ab\u00a0outdoor\u00a0\u00bb h\u00e9rit\u00e9 des archives de Reebok avec un amorti moderne.<\/span><\/li>\n<li class=\"dF3vjf\" data-hveid=\"CAcQAQ\" data-sae=\"\"><span class=\"T286Pc\" data-sfc-cp=\"\"><strong class=\"Yjhzub\">Amorti :<\/strong>\u00a0Elle utilise la mousse\u00a0<strong class=\"Yjhzub\">Floatride Energy<\/strong>\u00a0(partie int\u00e9grante de la technologie FloatZig) pour offrir un retour d\u2019\u00e9nergie l\u00e9ger et r\u00e9actif.<\/span><\/li>\n<li class=\"dF3vjf\" data-hveid=\"CAcQAg\" data-sae=\"\"><span class=\"T286Pc\" data-sfc-cp=\"\"><strong class=\"Yjhzub\">Mat\u00e9riaux :<\/strong>\u00a0L\u2019empeigne est compos\u00e9e d\u2019un m\u00e9lange de mesh respirant et de superpositions en cuir ou synth\u00e9tique.<\/span><\/li>\n<li class=\"dF3vjf\" data-hveid=\"CAcQAw\" data-sae=\"\"><span class=\"T286Pc\" data-sfc-cp=\"\"><strong class=\"Yjhzub\">Collaboration sp\u00e9ciale :<\/strong>\u00a0Une version en \u00e9dition limit\u00e9e a \u00e9t\u00e9 cr\u00e9\u00e9e en collaboration avec la marque de luxe cor\u00e9enne\u00a0<strong class=\"Yjhzub\">SONGZIO<\/strong>.<\/span><span class=\"uJ19be notranslate\" data-wiz-uids=\"Hb8S8d_1e,Hb8S8d_1f\"><span class=\"vKEkVd\" data-animation-atomic=\"\" data-wiz-attrbind=\"class=Hb8S8d_1d\/TKHnVd\" data-sae=\"\"><span aria-hidden=\"true\" aria-owns=\"action-menu-parent-container\">\u00a0<\/span><\/span><\/span><\/li>\n<\/ul>\n","protected":false},"excerpt":{"rendered":"<p>Design Hybride :\u00a0La chaussure combine un style \u00ab\u00a0outdoor\u00a0\u00bb h\u00e9rit\u00e9 des archives de Reebok avec un amorti moderne. Amorti :\u00a0Elle utilise la mousse\u00a0Floatride Energy\u00a0(partie int\u00e9grante de la technologie FloatZig) pour offrir un retour d\u2019\u00e9nergie l\u00e9ger et r\u00e9actif. Mat\u00e9riaux :\u00a0L\u2019empeigne est compos\u00e9e d\u2019un m\u00e9lange de mesh respirant et de superpositions en cuir ou synth\u00e9tique. Collaboration sp\u00e9ciale :\u00a0Une [&hellip;]<\/p>\n","protected":false},"featured_media":9872,"comment_status":"open","ping_status":"closed","template":"","meta":[],"product_brand":[],"product_cat":[101],"product_tag":[],"class_list":{"0":"post-9871","1":"product","2":"type-product","3":"status-publish","4":"has-post-thumbnail","6":"product_cat-luxe","8":"first","9":"instock","10":"sale","11":"shipping-taxable","12":"purchasable","13":"product-type-variable"},"_links":{"self":[{"href":"https:\/\/walkin.tn\/index.php?rest_route=\/wp\/v2\/product\/9871","targetHints":{"allow":["GET"]}}],"collection":[{"href":"https:\/\/walkin.tn\/index.php?rest_route=\/wp\/v2\/product"}],"about":[{"href":"https:\/\/walkin.tn\/index.php?rest_route=\/wp\/v2\/types\/product"}],"replies":[{"embeddable":true,"href":"https:\/\/walkin.tn\/index.php?rest_route=%2Fwp%2Fv2%2Fcomments&post=9871"}],"wp:featuredmedia":[{"embeddable":true,"href":"https:\/\/walkin.tn\/index.php?rest_route=\/wp\/v2\/media\/9872"}],"wp:attachment":[{"href":"https:\/\/walkin.tn\/index.php?rest_route=%2Fwp%2Fv2%2Fmedia&parent=9871"}],"wp:term":[{"taxonomy":"product_brand","embeddable":true,"href":"https:\/\/walkin.tn\/index.php?rest_route=%2Fwp%2Fv2%2Fproduct_brand&post=9871"},{"taxonomy":"product_cat","embeddable":true,"href":"https:\/\/walkin.tn\/index.php?rest_route=%2Fwp%2Fv2%2Fproduct_cat&post=9871"},{"taxonomy":"product_tag","embeddable":true,"href":"https:\/\/walkin.tn\/index.php?rest_route=%2Fwp%2Fv2%2Fproduct_tag&post=9871"}],"curies":[{"name":"wp","href":"https:\/\/api.w.org\/{rel}","templated":true}]}}