{"id":9781,"date":"2026-02-25T22:32:01","date_gmt":"2026-02-25T22:32:01","guid":{"rendered":"https:\/\/walkin.tn\/?post_type=product&#038;p=9781"},"modified":"2026-04-03T15:48:39","modified_gmt":"2026-04-03T15:48:39","slug":"on-cloudtilt-pearl-lvory","status":"publish","type":"product","link":"https:\/\/walkin.tn\/?product=on-cloudtilt-pearl-lvory","title":{"rendered":"On cloudtilt pearl \/ lvory \/"},"content":{"rendered":"<div class=\"AdPoic\" role=\"heading\" aria-level=\"3\" data-animation-nesting=\"\" data-sfc-cp=\"\" data-complete=\"true\" data-processed=\"true\" data-sae=\"\">D\u00e9tails du produit<\/div>\n<div class=\"Y3BBE\" data-sfc-cp=\"\" data-hveid=\"CAcQAA\" data-complete=\"true\" data-processed=\"true\">Ce mod\u00e8le particulier fait partie d&rsquo;une \u00e9dition sp\u00e9ciale <strong class=\"Yjhzub\" data-complete=\"true\" data-processed=\"true\">\u00ab Year of the Snake \u00bb<\/strong> (Ann\u00e9e du Serpent). Il se distingue par les caract\u00e9ristiques suivantes :<\/div>\n<ul class=\"KsbFXc U6u95\" data-processed=\"true\" data-complete=\"true\">\n<li class=\"dF3vjf\" data-hveid=\"CAgQAA\" data-complete=\"true\" data-sae=\"\"><span class=\"T286Pc\" data-sfc-cp=\"\" data-complete=\"true\"><strong class=\"Yjhzub\" data-complete=\"true\">Design :<\/strong> Une base blanc ivoire avec des accents contrast\u00e9s <strong class=\"Yjhzub\" data-complete=\"true\">rouges<\/strong> \u00e0 l&rsquo;int\u00e9rieur du col et sur les d\u00e9tails des lacets, ainsi que des logos <strong class=\"Yjhzub\" data-complete=\"true\">dor\u00e9s<\/strong>.<\/span><\/li>\n<li class=\"dF3vjf\" data-hveid=\"CAgQAQ\" data-sae=\"\" data-complete=\"true\"><span class=\"T286Pc\" data-sfc-cp=\"\" data-complete=\"true\"><strong class=\"Yjhzub\" data-complete=\"true\">Technologie :<\/strong> Elle utilise l&rsquo;amorti <strong class=\"Yjhzub\" data-complete=\"true\">CloudTec Phase\u00ae<\/strong> pour une transition ultra-fluide du talon aux orteils.<\/span><\/li>\n<li class=\"dF3vjf\" data-hveid=\"CAgQAg\" data-complete=\"true\" data-processed=\"true\" data-sae=\"\"><span class=\"T286Pc\" data-sfc-cp=\"\" data-complete=\"true\"><strong class=\"Yjhzub\" data-complete=\"true\">Conception :<\/strong> La tige est en mesh respirant, et la chaussure est con\u00e7ue pour \u00eatre l\u00e9g\u00e8re et confortable pour un usage quotidien en ville.<\/span><\/li>\n<li class=\"dF3vjf\" data-hveid=\"CAgQAw\" data-complete=\"true\" data-processed=\"true\" data-sae=\"\"><span class=\"T286Pc\" data-sfc-cp=\"\" data-complete=\"true\"><strong class=\"Yjhzub\" data-complete=\"true\">Mat\u00e9riaux :<\/strong> Elle int\u00e8gre plus de 30 % de mat\u00e9riaux recycl\u00e9s.<\/span><span class=\"uJ19be notranslate\" data-wiz-uids=\"AtK6P_1n,AtK6P_1o\" data-complete=\"true\"><span class=\"vKEkVd\" data-animation-atomic=\"\" data-wiz-attrbind=\"class=AtK6P_1m\/TKHnVd\" data-sae=\"\"><span aria-hidden=\"true\">\u00a0<\/span><\/span><\/span><\/li>\n<\/ul>\n","protected":false},"excerpt":{"rendered":"<p>D\u00e9tails du produit Ce mod\u00e8le particulier fait partie d&rsquo;une \u00e9dition sp\u00e9ciale \u00ab Year of the Snake \u00bb (Ann\u00e9e du Serpent). Il se distingue par les caract\u00e9ristiques suivantes : Design : Une base blanc ivoire avec des accents contrast\u00e9s rouges \u00e0 l&rsquo;int\u00e9rieur du col et sur les d\u00e9tails des lacets, ainsi que des logos dor\u00e9s. Technologie [&hellip;]<\/p>\n","protected":false},"featured_media":9782,"comment_status":"open","ping_status":"closed","template":"","meta":[],"product_brand":[],"product_cat":[15],"product_tag":[],"class_list":{"0":"post-9781","1":"product","2":"type-product","3":"status-publish","4":"has-post-thumbnail","6":"product_cat-uncategorized","8":"first","9":"instock","10":"sale","11":"shipping-taxable","12":"purchasable","13":"product-type-variable"},"_links":{"self":[{"href":"https:\/\/walkin.tn\/index.php?rest_route=\/wp\/v2\/product\/9781","targetHints":{"allow":["GET"]}}],"collection":[{"href":"https:\/\/walkin.tn\/index.php?rest_route=\/wp\/v2\/product"}],"about":[{"href":"https:\/\/walkin.tn\/index.php?rest_route=\/wp\/v2\/types\/product"}],"replies":[{"embeddable":true,"href":"https:\/\/walkin.tn\/index.php?rest_route=%2Fwp%2Fv2%2Fcomments&post=9781"}],"wp:featuredmedia":[{"embeddable":true,"href":"https:\/\/walkin.tn\/index.php?rest_route=\/wp\/v2\/media\/9782"}],"wp:attachment":[{"href":"https:\/\/walkin.tn\/index.php?rest_route=%2Fwp%2Fv2%2Fmedia&parent=9781"}],"wp:term":[{"taxonomy":"product_brand","embeddable":true,"href":"https:\/\/walkin.tn\/index.php?rest_route=%2Fwp%2Fv2%2Fproduct_brand&post=9781"},{"taxonomy":"product_cat","embeddable":true,"href":"https:\/\/walkin.tn\/index.php?rest_route=%2Fwp%2Fv2%2Fproduct_cat&post=9781"},{"taxonomy":"product_tag","embeddable":true,"href":"https:\/\/walkin.tn\/index.php?rest_route=%2Fwp%2Fv2%2Fproduct_tag&post=9781"}],"curies":[{"name":"wp","href":"https:\/\/api.w.org\/{rel}","templated":true}]}}