{"id":9748,"date":"2026-02-25T11:26:57","date_gmt":"2026-02-25T11:26:57","guid":{"rendered":"https:\/\/walkin.tn\/?post_type=product&#038;p=9748"},"modified":"2026-02-25T11:26:58","modified_gmt":"2026-02-25T11:26:58","slug":"dior-b22-white-black","status":"publish","type":"product","link":"https:\/\/walkin.tn\/?product=dior-b22-white-black","title":{"rendered":"Dior b22 White \/black"},"content":{"rendered":"<div class=\"Y3BBE\" data-sfc-cp=\"\" data-hveid=\"CAIQAA\" data-processed=\"true\">Les\u00a0<strong class=\"Yjhzub\"><span class=\"T286Pc\" data-sfc-cp=\"\">baskets\u00a0Dior B22<\/span><\/strong>\u00a0sont un mod\u00e8le de sneakers de luxe pour homme, connues pour leur design audacieux et massif (dad shoe). Le mod\u00e8le pr\u00e9sent\u00e9 sur l\u2019image est enti\u00e8rement blanc ou blanc et argent\u00e9.<span class=\"uJ19be notranslate\" data-wiz-uids=\"CYS3dd_j,CYS3dd_k,CYS3dd_l\"><span class=\"vKEkVd\" data-animation-atomic=\"\" data-sae=\"\">\u00a0<\/span><\/span><\/div>\n<div class=\"Y3BBE\" data-sfc-cp=\"\" data-hveid=\"CAQQAA\" data-processed=\"true\">Voici une description d\u00e9taill\u00e9e :<\/div>\n<ul class=\"KsbFXc U6u95\" data-processed=\"true\">\n<li data-hveid=\"CAUQAA\" data-sae=\"\"><span class=\"T286Pc\" data-sfc-cp=\"\"><strong class=\"Yjhzub\">Style :<\/strong>\u00a0Les\u00a0B22\u00a0incarnent le luxe moderne et apportent une touche contemporaine aux tenues d\u00e9contract\u00e9es ou plus habill\u00e9es. Elles se caract\u00e9risent par une silhouette<\/span><\/li>\n<\/ul>\n","protected":false},"excerpt":{"rendered":"<p>Les\u00a0baskets\u00a0Dior B22\u00a0sont un mod\u00e8le de sneakers de luxe pour homme, connues pour leur design audacieux et massif (dad shoe). Le mod\u00e8le pr\u00e9sent\u00e9 sur l\u2019image est enti\u00e8rement blanc ou blanc et argent\u00e9.\u00a0 Voici une description d\u00e9taill\u00e9e : Style :\u00a0Les\u00a0B22\u00a0incarnent le luxe moderne et apportent une touche contemporaine aux tenues d\u00e9contract\u00e9es ou plus habill\u00e9es. Elles se caract\u00e9risent [&hellip;]<\/p>\n","protected":false},"featured_media":9750,"comment_status":"open","ping_status":"closed","template":"","meta":[],"product_brand":[],"product_cat":[101],"product_tag":[],"class_list":{"0":"post-9748","1":"product","2":"type-product","3":"status-publish","4":"has-post-thumbnail","6":"product_cat-luxe","8":"first","9":"instock","10":"sale","11":"shipping-taxable","12":"purchasable","13":"product-type-variable"},"_links":{"self":[{"href":"https:\/\/walkin.tn\/index.php?rest_route=\/wp\/v2\/product\/9748","targetHints":{"allow":["GET"]}}],"collection":[{"href":"https:\/\/walkin.tn\/index.php?rest_route=\/wp\/v2\/product"}],"about":[{"href":"https:\/\/walkin.tn\/index.php?rest_route=\/wp\/v2\/types\/product"}],"replies":[{"embeddable":true,"href":"https:\/\/walkin.tn\/index.php?rest_route=%2Fwp%2Fv2%2Fcomments&post=9748"}],"wp:featuredmedia":[{"embeddable":true,"href":"https:\/\/walkin.tn\/index.php?rest_route=\/wp\/v2\/media\/9750"}],"wp:attachment":[{"href":"https:\/\/walkin.tn\/index.php?rest_route=%2Fwp%2Fv2%2Fmedia&parent=9748"}],"wp:term":[{"taxonomy":"product_brand","embeddable":true,"href":"https:\/\/walkin.tn\/index.php?rest_route=%2Fwp%2Fv2%2Fproduct_brand&post=9748"},{"taxonomy":"product_cat","embeddable":true,"href":"https:\/\/walkin.tn\/index.php?rest_route=%2Fwp%2Fv2%2Fproduct_cat&post=9748"},{"taxonomy":"product_tag","embeddable":true,"href":"https:\/\/walkin.tn\/index.php?rest_route=%2Fwp%2Fv2%2Fproduct_tag&post=9748"}],"curies":[{"name":"wp","href":"https:\/\/api.w.org\/{rel}","templated":true}]}}