{"id":9594,"date":"2026-02-08T23:03:57","date_gmt":"2026-02-08T23:03:57","guid":{"rendered":"https:\/\/walkin.tn\/?post_type=product&#038;p=9594"},"modified":"2026-02-08T23:03:58","modified_gmt":"2026-02-08T23:03:58","slug":"jordan-air-jordan-1-panda","status":"publish","type":"product","link":"https:\/\/walkin.tn\/?product=jordan-air-jordan-1-panda","title":{"rendered":"Jordan Air Jordan 1 Panda"},"content":{"rendered":"<p class=\"ltr-o2xu7v-Kicker\" data-expanded=\"true\" data-component=\"ButtonText\">INFORMATIONS PRODUIT<\/p>\n<div class=\"ltr-hatn9y\" data-component=\"AccordionPanel\" data-expanded=\"true\">\n<div class=\"ltr-i35vwo\" data-component=\"InnerPanel\">\n<div class=\"ltr-jeopbd\">\n<div><a class=\"ltr-194u1uv-Heading\" dir=\"ltr\" href=\"https:\/\/www.farfetch.com\/tn\/shopping\/women\/jordan\/items.aspx\" data-ffref=\"pp_infobrd\" data-component=\"HeadingBold\">Jordan<\/a><\/p>\n<p class=\"ltr-4y8w0i-Body\" data-component=\"Body\">baskets Air Jordan 1 Panda<\/p>\n<\/div>\n<div class=\"ltr-fzg9du e1yiqd0\">\n<h4 class=\"ltr-2pfgen-Body-BodyBold\" data-component=\"BodyBold\">D\u00e9tails<\/h4>\n<ul class=\"_fdc1e5\">\n<li class=\"ltr-4y8w0i-Body\" data-component=\"Body\">noir\/blanc<\/li>\n<li class=\"ltr-4y8w0i-Body\" data-component=\"Body\">cuir<\/li>\n<li class=\"ltr-4y8w0i-Body\" data-component=\"Body\">design \u00e0 empi\u00e8cements<\/li>\n<li class=\"ltr-4y8w0i-Body\" data-component=\"Body\">logo Swoosh signature<\/li>\n<li class=\"ltr-4y8w0i-Body\" data-component=\"Body\">motif Jumpman signature<\/li>\n<li class=\"ltr-4y8w0i-Body\" data-component=\"Body\">logo Air Jordan Wings signature<\/li>\n<li class=\"ltr-4y8w0i-Body\" data-component=\"Body\">bout rond<\/li>\n<li class=\"ltr-4y8w0i-Body\" data-component=\"Body\">fermeture \u00e0 lacer sur le devant<\/li>\n<li class=\"ltr-4y8w0i-Body\" data-component=\"Body\">semelle plate en caoutchouc<\/li>\n<li class=\"ltr-4y8w0i-Body\" data-component=\"Body\">Ces mod\u00e8les sont fournis par une plateforme de baskets premium et authentifi\u00e9es. ^ Cette paire vous est propos\u00e9e par un fournisseur premium de baskets dont la s\u00e9lection se compose des mod\u00e8les les plus rares et les plus recherch\u00e9s au monde.<\/li>\n<\/ul>\n<\/div>\n<div class=\"ltr-92qs1a\"><\/div>\n<\/div>\n<\/div>\n<\/div>\n","protected":false},"excerpt":{"rendered":"<p>INFORMATIONS PRODUIT Jordan baskets Air Jordan 1 Panda D\u00e9tails noir\/blanc cuir design \u00e0 empi\u00e8cements logo Swoosh signature motif Jumpman signature logo Air Jordan Wings signature bout rond fermeture \u00e0 lacer sur le devant semelle plate en caoutchouc Ces mod\u00e8les sont fournis par une plateforme de baskets premium et authentifi\u00e9es. ^ Cette paire vous est propos\u00e9e [&hellip;]<\/p>\n","protected":false},"featured_media":9595,"comment_status":"open","ping_status":"closed","template":"","meta":[],"product_brand":[],"product_cat":[100],"product_tag":[],"class_list":{"0":"post-9594","1":"product","2":"type-product","3":"status-publish","4":"has-post-thumbnail","6":"product_cat-enfants","8":"first","9":"instock","10":"sale","11":"shipping-taxable","12":"purchasable","13":"product-type-variable"},"_links":{"self":[{"href":"https:\/\/walkin.tn\/index.php?rest_route=\/wp\/v2\/product\/9594","targetHints":{"allow":["GET"]}}],"collection":[{"href":"https:\/\/walkin.tn\/index.php?rest_route=\/wp\/v2\/product"}],"about":[{"href":"https:\/\/walkin.tn\/index.php?rest_route=\/wp\/v2\/types\/product"}],"replies":[{"embeddable":true,"href":"https:\/\/walkin.tn\/index.php?rest_route=%2Fwp%2Fv2%2Fcomments&post=9594"}],"wp:featuredmedia":[{"embeddable":true,"href":"https:\/\/walkin.tn\/index.php?rest_route=\/wp\/v2\/media\/9595"}],"wp:attachment":[{"href":"https:\/\/walkin.tn\/index.php?rest_route=%2Fwp%2Fv2%2Fmedia&parent=9594"}],"wp:term":[{"taxonomy":"product_brand","embeddable":true,"href":"https:\/\/walkin.tn\/index.php?rest_route=%2Fwp%2Fv2%2Fproduct_brand&post=9594"},{"taxonomy":"product_cat","embeddable":true,"href":"https:\/\/walkin.tn\/index.php?rest_route=%2Fwp%2Fv2%2Fproduct_cat&post=9594"},{"taxonomy":"product_tag","embeddable":true,"href":"https:\/\/walkin.tn\/index.php?rest_route=%2Fwp%2Fv2%2Fproduct_tag&post=9594"}],"curies":[{"name":"wp","href":"https:\/\/api.w.org\/{rel}","templated":true}]}}