{"id":9565,"date":"2026-02-08T22:21:05","date_gmt":"2026-02-08T22:21:05","guid":{"rendered":"https:\/\/walkin.tn\/?post_type=product&#038;p=9565"},"modified":"2026-02-08T22:23:21","modified_gmt":"2026-02-08T22:23:21","slug":"asics-gel-nyc-cream-mineral-beige-pink","status":"publish","type":"product","link":"https:\/\/walkin.tn\/?product=asics-gel-nyc-cream-mineral-beige-pink","title":{"rendered":"ASICS  Gel-NYC &lsquo;Cream\/Min\u00e9ral Beige\/Pink&rsquo;"},"content":{"rendered":"<p class=\"ltr-o2xu7v-Kicker\" data-expanded=\"true\" data-component=\"ButtonText\">INFORMATIONS PRODUIT<\/p>\n<div class=\"ltr-sgcj3v\" data-component=\"AccordionPanel\" data-expanded=\"true\">\n<div class=\"ltr-i35vwo\" data-component=\"InnerPanel\">\n<div class=\"ltr-jeopbd\">\n<div>\n<p><a class=\"ltr-194u1uv-Heading\" dir=\"ltr\" href=\"https:\/\/www.farfetch.com\/tn\/shopping\/men\/asics\/items.aspx\" data-ffref=\"pp_infobrd\" data-component=\"HeadingBold\">ASICS<\/a><\/p>\n<p class=\"ltr-4y8w0i-Body\" data-component=\"Body\">baskets Gel-NYC &lsquo;Cream\/Min\u00e9ral Beige\/Pink&rsquo;<\/p>\n<\/div>\n<div class=\"ltr-jeopbd\">\n<p class=\"ltr-4y8w0i-Body\" data-component=\"Body\">Fabrication : Italie<\/p>\n<\/div>\n<div class=\"ltr-fzg9du e1yiqd0\">\n<h4 class=\"ltr-2pfgen-Body-BodyBold\" data-component=\"BodyBold\">D\u00e9tails<\/h4>\n<ul class=\"_fdc1e5\">\n<li class=\"ltr-4y8w0i-Body\" data-component=\"Body\">beige clair\/rose\/argent\u00e9<\/li>\n<li class=\"ltr-4y8w0i-Body\" data-component=\"Body\">empi\u00e8cements en mesh<\/li>\n<li class=\"ltr-4y8w0i-Body\" data-component=\"Body\">structure l\u00e9g\u00e8re<\/li>\n<li class=\"ltr-4y8w0i-Body\" data-component=\"Body\">rayures Tiger signature<\/li>\n<li class=\"ltr-4y8w0i-Body\" data-component=\"Body\">logo imprim\u00e9 sur le c\u00f4t\u00e9<\/li>\n<li class=\"ltr-4y8w0i-Body\" data-component=\"Body\">bout rond<\/li>\n<li class=\"ltr-4y8w0i-Body\" data-component=\"Body\">fermeture \u00e0 lacer sur le devant<\/li>\n<li class=\"ltr-4y8w0i-Body\" data-component=\"Body\">languette \u00e0 logo brod\u00e9<\/li>\n<li class=\"ltr-4y8w0i-Body\" data-component=\"Body\">semelle int\u00e9rieure \u00e0 logo<\/li>\n<li class=\"ltr-4y8w0i-Body\" data-component=\"Body\">Ces mod\u00e8les sont fournis par une plateforme de baskets premium et authentifi\u00e9es. Cette paire vous est propos\u00e9e par un fournisseur de baskets dont la s\u00e9lection se compose des mod\u00e8les parmi les plus rares et les plus recherch\u00e9s au monde.<\/li>\n<\/ul>\n<\/div>\n<div class=\"ltr-92qs1a\">\n<h4 class=\"ltr-2pfgen-Body-BodyBold\" data-component=\"BodyBold\">Composition<\/h4>\n<p class=\"ltr-4y8w0i-Body\" data-component=\"Body\"><span class=\"ltr-4y8w0i-Body\" data-component=\"Body\">cuir 100%<\/span><\/p>\n<\/div>\n<\/div>\n<\/div>\n<\/div>\n","protected":false},"excerpt":{"rendered":"<p>INFORMATIONS PRODUIT ASICS baskets Gel-NYC &lsquo;Cream\/Min\u00e9ral Beige\/Pink&rsquo; Fabrication : Italie D\u00e9tails beige clair\/rose\/argent\u00e9 empi\u00e8cements en mesh structure l\u00e9g\u00e8re rayures Tiger signature logo imprim\u00e9 sur le c\u00f4t\u00e9 bout rond fermeture \u00e0 lacer sur le devant languette \u00e0 logo brod\u00e9 semelle int\u00e9rieure \u00e0 logo Ces mod\u00e8les sont fournis par une plateforme de baskets premium et authentifi\u00e9es. Cette [&hellip;]<\/p>\n","protected":false},"featured_media":9566,"comment_status":"open","ping_status":"closed","template":"","meta":[],"product_brand":[],"product_cat":[100],"product_tag":[],"class_list":{"0":"post-9565","1":"product","2":"type-product","3":"status-publish","4":"has-post-thumbnail","6":"product_cat-enfants","8":"first","9":"instock","10":"sale","11":"shipping-taxable","12":"purchasable","13":"product-type-variable"},"_links":{"self":[{"href":"https:\/\/walkin.tn\/index.php?rest_route=\/wp\/v2\/product\/9565","targetHints":{"allow":["GET"]}}],"collection":[{"href":"https:\/\/walkin.tn\/index.php?rest_route=\/wp\/v2\/product"}],"about":[{"href":"https:\/\/walkin.tn\/index.php?rest_route=\/wp\/v2\/types\/product"}],"replies":[{"embeddable":true,"href":"https:\/\/walkin.tn\/index.php?rest_route=%2Fwp%2Fv2%2Fcomments&post=9565"}],"wp:featuredmedia":[{"embeddable":true,"href":"https:\/\/walkin.tn\/index.php?rest_route=\/wp\/v2\/media\/9566"}],"wp:attachment":[{"href":"https:\/\/walkin.tn\/index.php?rest_route=%2Fwp%2Fv2%2Fmedia&parent=9565"}],"wp:term":[{"taxonomy":"product_brand","embeddable":true,"href":"https:\/\/walkin.tn\/index.php?rest_route=%2Fwp%2Fv2%2Fproduct_brand&post=9565"},{"taxonomy":"product_cat","embeddable":true,"href":"https:\/\/walkin.tn\/index.php?rest_route=%2Fwp%2Fv2%2Fproduct_cat&post=9565"},{"taxonomy":"product_tag","embeddable":true,"href":"https:\/\/walkin.tn\/index.php?rest_route=%2Fwp%2Fv2%2Fproduct_tag&post=9565"}],"curies":[{"name":"wp","href":"https:\/\/api.w.org\/{rel}","templated":true}]}}