{"id":9506,"date":"2026-02-08T11:38:52","date_gmt":"2026-02-08T11:38:52","guid":{"rendered":"https:\/\/walkin.tn\/?post_type=product&#038;p=9506"},"modified":"2026-02-08T11:38:54","modified_gmt":"2026-02-08T11:38:54","slug":"new-balance-9060-champs-sport-exclusive-sean-salt-beige","status":"publish","type":"product","link":"https:\/\/walkin.tn\/?product=new-balance-9060-champs-sport-exclusive-sean-salt-beige","title":{"rendered":"New Balance 9060 &lsquo;Champs Sport Exclusive &#8211; Sean Salt \/ Beige"},"content":{"rendered":"<p class=\"ltr-o2xu7v-Kicker\" data-expanded=\"true\" data-component=\"ButtonText\">INFORMATIONS PRODUIT<\/p>\n<div class=\"ltr-xa9ojr\" data-component=\"AccordionPanel\" data-expanded=\"true\">\n<div class=\"ltr-i35vwo\" data-component=\"InnerPanel\">\n<div class=\"ltr-jeopbd\">\n<div><a class=\"ltr-194u1uv-Heading\" dir=\"ltr\" href=\"https:\/\/www.farfetch.com\/dz\/shopping\/men\/new-balance\/items.aspx\" data-ffref=\"pp_infobrd\" data-component=\"HeadingBold\">New Balance<\/a><\/p>\n<p class=\"ltr-4y8w0i-Body\" data-component=\"Body\">9060 &lsquo;Champs Sport Exclusive &#8211; Sean Salt \/ Beige&rsquo;<\/p>\n<\/div>\n<div class=\"ltr-fzg9du e1yiqd0\">\n<h4 class=\"ltr-2pfgen-Body-BodyBold\" data-component=\"BodyBold\">D\u00e9tails<\/h4>\n<ul class=\"_fdc1e5\">\n<li class=\"ltr-4y8w0i-Body\" data-component=\"Body\">beige sable<\/li>\n<li class=\"ltr-4y8w0i-Body\" data-component=\"Body\">design \u00e0 empi\u00e8cements<\/li>\n<li class=\"ltr-4y8w0i-Body\" data-component=\"Body\">logo brod\u00e9 \u00e0 l&rsquo;arri\u00e8re<\/li>\n<li class=\"ltr-4y8w0i-Body\" data-component=\"Body\">patch logo sur le c\u00f4t\u00e9<\/li>\n<li class=\"ltr-4y8w0i-Body\" data-component=\"Body\">languette \u00e0 patch logo<\/li>\n<li class=\"ltr-4y8w0i-Body\" data-component=\"Body\">fermeture \u00e0 lacer sur le devant<\/li>\n<li class=\"ltr-4y8w0i-Body\" data-component=\"Body\">bout rond<\/li>\n<li class=\"ltr-4y8w0i-Body\" data-component=\"Body\">semelle int\u00e9rieure \u00e0 logo<\/li>\n<li class=\"ltr-4y8w0i-Body\" data-component=\"Body\">semelle \u00e9paisse en caoutchouc<\/li>\n<li class=\"ltr-4y8w0i-Body\" data-component=\"Body\">Ces mod\u00e8les sont fournis par une plateforme de baskets premium et authentifi\u00e9es. Cette paire vous est propos\u00e9e par un fournisseur premium de baskets dont la s\u00e9lection se compose des mod\u00e8les les plus rares et les plus recherch\u00e9s au monde.<\/li>\n<\/ul>\n<\/div>\n<div class=\"ltr-92qs1a\">\n<h4 class=\"ltr-2pfgen-Body-BodyBold\" data-component=\"BodyBold\">Composition<\/h4>\n<p class=\"ltr-4y8w0i-Body\" data-component=\"Body\"><span class=\"ltr-4y8w0i-Body\" data-component=\"Body\">Ext\u00e9rieur : <\/span><span class=\"ltr-4y8w0i-Body\" data-component=\"Body\">daim de porc 100%, <\/span><span class=\"ltr-4y8w0i-Body\" data-component=\"Body\">r\u00e9sille 100%<\/span><\/p>\n<p class=\"ltr-4y8w0i-Body\" data-component=\"Body\"><span class=\"ltr-4y8w0i-Body\" data-component=\"Body\">Semelle : <\/span><span class=\"ltr-4y8w0i-Body\" data-component=\"Body\">caoutchouc 100%<\/span><\/p>\n<p class=\"ltr-4y8w0i-Body\" data-component=\"Body\"><span class=\"ltr-4y8w0i-Body\" data-component=\"Body\">Doublure : <\/span><span class=\"ltr-4y8w0i-Body\" data-component=\"Body\">tissu 100%<\/span><\/p>\n<\/div>\n<\/div>\n<\/div>\n<\/div>\n","protected":false},"excerpt":{"rendered":"<p>INFORMATIONS PRODUIT New Balance 9060 &lsquo;Champs Sport Exclusive &#8211; Sean Salt \/ Beige&rsquo; D\u00e9tails beige sable design \u00e0 empi\u00e8cements logo brod\u00e9 \u00e0 l&rsquo;arri\u00e8re patch logo sur le c\u00f4t\u00e9 languette \u00e0 patch logo fermeture \u00e0 lacer sur le devant bout rond semelle int\u00e9rieure \u00e0 logo semelle \u00e9paisse en caoutchouc Ces mod\u00e8les sont fournis par une plateforme [&hellip;]<\/p>\n","protected":false},"featured_media":9507,"comment_status":"open","ping_status":"closed","template":"","meta":[],"product_brand":[],"product_cat":[78],"product_tag":[],"class_list":{"0":"post-9506","1":"product","2":"type-product","3":"status-publish","4":"has-post-thumbnail","6":"product_cat-new-balance","8":"first","9":"instock","10":"sale","11":"shipping-taxable","12":"purchasable","13":"product-type-variable"},"_links":{"self":[{"href":"https:\/\/walkin.tn\/index.php?rest_route=\/wp\/v2\/product\/9506","targetHints":{"allow":["GET"]}}],"collection":[{"href":"https:\/\/walkin.tn\/index.php?rest_route=\/wp\/v2\/product"}],"about":[{"href":"https:\/\/walkin.tn\/index.php?rest_route=\/wp\/v2\/types\/product"}],"replies":[{"embeddable":true,"href":"https:\/\/walkin.tn\/index.php?rest_route=%2Fwp%2Fv2%2Fcomments&post=9506"}],"wp:featuredmedia":[{"embeddable":true,"href":"https:\/\/walkin.tn\/index.php?rest_route=\/wp\/v2\/media\/9507"}],"wp:attachment":[{"href":"https:\/\/walkin.tn\/index.php?rest_route=%2Fwp%2Fv2%2Fmedia&parent=9506"}],"wp:term":[{"taxonomy":"product_brand","embeddable":true,"href":"https:\/\/walkin.tn\/index.php?rest_route=%2Fwp%2Fv2%2Fproduct_brand&post=9506"},{"taxonomy":"product_cat","embeddable":true,"href":"https:\/\/walkin.tn\/index.php?rest_route=%2Fwp%2Fv2%2Fproduct_cat&post=9506"},{"taxonomy":"product_tag","embeddable":true,"href":"https:\/\/walkin.tn\/index.php?rest_route=%2Fwp%2Fv2%2Fproduct_tag&post=9506"}],"curies":[{"name":"wp","href":"https:\/\/api.w.org\/{rel}","templated":true}]}}