{"id":9197,"date":"2026-01-29T10:43:50","date_gmt":"2026-01-29T10:43:50","guid":{"rendered":"https:\/\/walkin.tn\/?post_type=product&#038;p=9197"},"modified":"2026-01-29T10:48:13","modified_gmt":"2026-01-29T10:48:13","slug":"nike-air-max-90-infrarouge","status":"publish","type":"product","link":"https:\/\/walkin.tn\/?product=nike-air-max-90-infrarouge","title":{"rendered":"Nike Air Max 90 \u00ab Infrarouge \u00bb"},"content":{"rendered":"<div class=\"a-section\" role=\"list\">\n<div class=\"a-row\" role=\"listitem\">\n<ul>\n<li class=\"a-column a-span12\"><span class=\"a-size-small a-color-base a-text-bold\">Mat\u00e9riau de la semelle<\/span><\/li>\n<\/ul>\n<div class=\"a-column a-span12\"><span class=\"a-size-base a-color-secondary\">Caoutchouc<\/span><\/div>\n<\/div>\n<div class=\"a-row\" role=\"listitem\">\n<div class=\"a-column a-span12 a-spacing-top-small\"><span class=\"a-size-small a-color-base a-text-bold\">Mat\u00e9riau ext\u00e9rieur<\/span><\/div>\n<div class=\"a-column a-span12\"><span class=\"a-size-base a-color-secondary\">Mat\u00e9riaux Nike.<\/span><\/div>\n<\/div>\n<div class=\"a-row\" role=\"listitem\">\n<div class=\"a-column a-span12 a-spacing-top-small\"><span class=\"a-size-small a-color-base a-text-bold\">Type de fermeture<\/span><\/div>\n<div class=\"a-column a-span12\"><span class=\"a-size-base a-color-secondary\">Lacet<\/span><\/div>\n<\/div>\n<\/div>\n<ul class=\"a-unordered-list a-vertical a-spacing-small\">\n<li><span class=\"a-list-item a-size-base a-color-secondary\">Nike Air Max 90 Homme<\/span><\/li>\n<li><span class=\"a-list-item a-size-base a-color-secondary\">Couleur : Phantom\/Olive Neutre<\/span><\/li>\n<\/ul>\n","protected":false},"excerpt":{"rendered":"<p>Mat\u00e9riau de la semelle Caoutchouc Mat\u00e9riau ext\u00e9rieur Mat\u00e9riaux Nike. Type de fermeture Lacet Nike Air Max 90 Homme Couleur : Phantom\/Olive Neutre<\/p>\n","protected":false},"featured_media":9198,"comment_status":"open","ping_status":"closed","template":"","meta":[],"product_brand":[],"product_cat":[76],"product_tag":[],"class_list":{"0":"post-9197","1":"product","2":"type-product","3":"status-publish","4":"has-post-thumbnail","6":"product_cat-nike","8":"first","9":"instock","10":"sale","11":"shipping-taxable","12":"purchasable","13":"product-type-variable"},"_links":{"self":[{"href":"https:\/\/walkin.tn\/index.php?rest_route=\/wp\/v2\/product\/9197","targetHints":{"allow":["GET"]}}],"collection":[{"href":"https:\/\/walkin.tn\/index.php?rest_route=\/wp\/v2\/product"}],"about":[{"href":"https:\/\/walkin.tn\/index.php?rest_route=\/wp\/v2\/types\/product"}],"replies":[{"embeddable":true,"href":"https:\/\/walkin.tn\/index.php?rest_route=%2Fwp%2Fv2%2Fcomments&post=9197"}],"wp:featuredmedia":[{"embeddable":true,"href":"https:\/\/walkin.tn\/index.php?rest_route=\/wp\/v2\/media\/9198"}],"wp:attachment":[{"href":"https:\/\/walkin.tn\/index.php?rest_route=%2Fwp%2Fv2%2Fmedia&parent=9197"}],"wp:term":[{"taxonomy":"product_brand","embeddable":true,"href":"https:\/\/walkin.tn\/index.php?rest_route=%2Fwp%2Fv2%2Fproduct_brand&post=9197"},{"taxonomy":"product_cat","embeddable":true,"href":"https:\/\/walkin.tn\/index.php?rest_route=%2Fwp%2Fv2%2Fproduct_cat&post=9197"},{"taxonomy":"product_tag","embeddable":true,"href":"https:\/\/walkin.tn\/index.php?rest_route=%2Fwp%2Fv2%2Fproduct_tag&post=9197"}],"curies":[{"name":"wp","href":"https:\/\/api.w.org\/{rel}","templated":true}]}}