{"id":8979,"date":"2026-01-18T13:08:39","date_gmt":"2026-01-18T13:08:39","guid":{"rendered":"https:\/\/walkin.tn\/?post_type=product&#038;p=8979"},"modified":"2026-03-28T12:17:19","modified_gmt":"2026-03-28T12:17:19","slug":"puma-180-low","status":"publish","type":"product","link":"https:\/\/walkin.tn\/?product=puma-180-low","title":{"rendered":"Puma 180 low"},"content":{"rendered":"<div class=\"Y3BBE\" data-sfc-cp=\"\" data-hveid=\"CAIQAA\" data-processed=\"true\" data-complete=\"true\">\n<div data-subtree=\"aimfl\" data-complete=\"true\" data-processed=\"true\">Les baskets affich\u00e9es sont des<\/div>\n<p><strong class=\"Yjhzub\" data-complete=\"true\" data-processed=\"true\">Puma 180<\/strong>, plus pr\u00e9cis\u00e9ment issues de la collaboration <strong class=\"Yjhzub\" data-complete=\"true\" data-processed=\"true\">PUMA x STAPLE<\/strong>. Ce mod\u00e8le s&rsquo;inspire de la culture du skate des ann\u00e9es 90 et 2000.<span class=\"uJ19be notranslate\" data-wiz-uids=\"YHbhtd_l\" data-complete=\"true\" data-processed=\"true\"><span class=\"vKEkVd\" data-animation-atomic=\"\" data-wiz-attrbind=\"class=YHbhtd_k\/TKHnVd\" data-sae=\"\">\u00a0<button class=\"rBl3me\" tabindex=\"0\" data-amic=\"true\" data-icl-uuid=\"df33f63a-5cfb-401b-97e9-6f364dc5d323\" aria-label=\"Afficher les liens associ\u00e9s\" data-wiz-attrbind=\"disabled=YHbhtd_k\/C5gNJc;aria-label=YHbhtd_k\/bOjMyf;class=YHbhtd_k\/UpSNec\" data-ved=\"2ahUKEwiusvu7k5WSAxUAWUEAHbx1LFcQye0OegQIAhAB\"><\/button><\/span><\/span><\/p>\n<\/div>\n<div class=\"Fsg96\" data-sfc-cp=\"\" data-processed=\"true\" data-complete=\"true\"><\/div>\n<div class=\"AdPoic\" role=\"heading\" aria-level=\"3\" data-animation-nesting=\"\" data-sfc-cp=\"\" data-processed=\"true\" data-sae=\"\" data-complete=\"true\">Caract\u00e9ristiques Principales<button class=\"rBl3me\" tabindex=\"0\" data-amic=\"true\" data-icl-uuid=\"3f1402d6-4058-41e0-8831-1e08e83d4f4f\" aria-label=\"Afficher les liens associ\u00e9s\" data-wiz-attrbind=\"disabled=YHbhtd_q\/C5gNJc;aria-label=YHbhtd_q\/bOjMyf;class=YHbhtd_q\/UpSNec\" data-ved=\"2ahUKEwiusvu7k5WSAxUAWUEAHbx1LFcQye0OegQIAxAA\"><\/button><\/div>\n<ul class=\"KsbFXc U6u95\" data-processed=\"true\" data-complete=\"true\">\n<li data-hveid=\"CAQQAA\" data-complete=\"true\" data-sae=\"\"><span class=\"T286Pc\" data-sfc-cp=\"\" data-complete=\"true\"><strong class=\"Yjhzub\" data-complete=\"true\">Marque :<\/strong> Puma<\/span><\/li>\n<li data-hveid=\"CAQQAQ\" data-complete=\"true\" data-sae=\"\"><span class=\"T286Pc\" data-sfc-cp=\"\" data-complete=\"true\"><strong class=\"Yjhzub\" data-complete=\"true\">Mod\u00e8le :<\/strong> 180 (PUMA x STAPLE)<\/span><\/li>\n<li data-hveid=\"CAQQAg\" data-sae=\"\" data-complete=\"true\"><span class=\"T286Pc\" data-sfc-cp=\"\" data-complete=\"true\"><strong class=\"Yjhzub\" data-complete=\"true\">Style :<\/strong> Baskets basses au style skate avec une forme \u00e9paisse et un rembourrage surdimensionn\u00e9<\/span><\/li>\n<li data-hveid=\"CAQQAw\" data-complete=\"true\" data-processed=\"true\" data-sae=\"\"><span class=\"T286Pc\" data-sfc-cp=\"\" data-complete=\"true\"><strong class=\"Yjhzub\" data-complete=\"true\">Composition :<\/strong> Tige en cuir avec des superpositions synth\u00e9tiques, doublure et semelle int\u00e9rieure en textile, et une semelle ext\u00e9rieure en caoutchouc pour une traction durable<\/span><\/li>\n<li data-hveid=\"CAQQBA\" data-processed=\"true\" data-sae=\"\" data-complete=\"true\"><span class=\"T286Pc\" data-sfc-cp=\"\" data-complete=\"true\"><strong class=\"Yjhzub\" data-complete=\"true\">Coloris :<\/strong> Gris, noir et touches de rose (bien qu&rsquo;il existe d&rsquo;autres coloris)<\/span><span class=\"uJ19be notranslate\" data-wiz-uids=\"YHbhtd_19\" data-complete=\"true\"><span class=\"vKEkVd\" data-animation-atomic=\"\" data-wiz-attrbind=\"class=YHbhtd_18\/TKHnVd\" data-sae=\"\">\u00a0<\/span><\/span><\/li>\n<\/ul>\n","protected":false},"excerpt":{"rendered":"<p>Les baskets affich\u00e9es sont des Puma 180, plus pr\u00e9cis\u00e9ment issues de la collaboration PUMA x STAPLE. Ce mod\u00e8le s&rsquo;inspire de la culture du skate des ann\u00e9es 90 et 2000.\u00a0 Caract\u00e9ristiques Principales Marque : Puma Mod\u00e8le : 180 (PUMA x STAPLE) Style : Baskets basses au style skate avec une forme \u00e9paisse et un rembourrage surdimensionn\u00e9 [&hellip;]<\/p>\n","protected":false},"featured_media":8985,"comment_status":"open","ping_status":"closed","template":"","meta":[],"product_brand":[],"product_cat":[79],"product_tag":[],"class_list":{"0":"post-8979","1":"product","2":"type-product","3":"status-publish","4":"has-post-thumbnail","6":"product_cat-puma","8":"first","9":"outofstock","10":"shipping-taxable","11":"product-type-variable"},"_links":{"self":[{"href":"https:\/\/walkin.tn\/index.php?rest_route=\/wp\/v2\/product\/8979","targetHints":{"allow":["GET"]}}],"collection":[{"href":"https:\/\/walkin.tn\/index.php?rest_route=\/wp\/v2\/product"}],"about":[{"href":"https:\/\/walkin.tn\/index.php?rest_route=\/wp\/v2\/types\/product"}],"replies":[{"embeddable":true,"href":"https:\/\/walkin.tn\/index.php?rest_route=%2Fwp%2Fv2%2Fcomments&post=8979"}],"wp:featuredmedia":[{"embeddable":true,"href":"https:\/\/walkin.tn\/index.php?rest_route=\/wp\/v2\/media\/8985"}],"wp:attachment":[{"href":"https:\/\/walkin.tn\/index.php?rest_route=%2Fwp%2Fv2%2Fmedia&parent=8979"}],"wp:term":[{"taxonomy":"product_brand","embeddable":true,"href":"https:\/\/walkin.tn\/index.php?rest_route=%2Fwp%2Fv2%2Fproduct_brand&post=8979"},{"taxonomy":"product_cat","embeddable":true,"href":"https:\/\/walkin.tn\/index.php?rest_route=%2Fwp%2Fv2%2Fproduct_cat&post=8979"},{"taxonomy":"product_tag","embeddable":true,"href":"https:\/\/walkin.tn\/index.php?rest_route=%2Fwp%2Fv2%2Fproduct_tag&post=8979"}],"curies":[{"name":"wp","href":"https:\/\/api.w.org\/{rel}","templated":true}]}}