{"id":8944,"date":"2026-01-17T23:08:07","date_gmt":"2026-01-17T23:08:07","guid":{"rendered":"https:\/\/walkin.tn\/?post_type=product&#038;p=8944"},"modified":"2026-01-17T23:08:08","modified_gmt":"2026-01-17T23:08:08","slug":"new-balance-baskets-1000-a-design-metallise","status":"publish","type":"product","link":"https:\/\/walkin.tn\/?product=new-balance-baskets-1000-a-design-metallise","title":{"rendered":"New balance baskets 1000 \u00e0 design m\u00e9tallis\u00e9"},"content":{"rendered":"<p class=\"ltr-o2xu7v-Kicker\" data-expanded=\"true\" data-component=\"ButtonText\">INFORMATIONS PRODUIT<\/p>\n<div class=\"ltr-m6ajdk\" data-component=\"AccordionPanel\" data-expanded=\"true\">\n<div class=\"ltr-5ca5z8\" data-component=\"InnerPanel\">\n<div class=\"ltr-jeopbd\">\n<div><a class=\"ltr-194u1uv-Heading\" dir=\"ltr\" href=\"https:\/\/www.farfetch.com\/tn\/shopping\/men\/new-balance\/items.aspx\" data-ffref=\"pp_infobrd\" data-component=\"HeadingBold\">New Balance<\/a><\/p>\n<p class=\"ltr-4y8w0i-Body\" data-component=\"Body\">baskets 1000 \u00e0 design m\u00e9tallis\u00e9<\/p>\n<\/div>\n<div class=\"ltr-fzg9du e1yiqd0\">\n<h4 class=\"ltr-2pfgen-Body-BodyBold\" data-component=\"BodyBold\">D\u00e9tails<\/h4>\n<ul class=\"_fdc1e5\">\n<li class=\"ltr-4y8w0i-Body\" data-component=\"Body\">argent\u00e9\/noir<\/li>\n<li class=\"ltr-4y8w0i-Body\" data-component=\"Body\">design \u00e0 empi\u00e8cements<\/li>\n<li class=\"ltr-4y8w0i-Body\" data-component=\"Body\">empi\u00e8cement en mesh<\/li>\n<li class=\"ltr-4y8w0i-Body\" data-component=\"Body\">empi\u00e8cements \u00e0 effet m\u00e9tallis\u00e9<\/li>\n<li class=\"ltr-4y8w0i-Body\" data-component=\"Body\">bout en amande<\/li>\n<li class=\"ltr-4y8w0i-Body\" data-component=\"Body\">patch logo sur le c\u00f4t\u00e9<\/li>\n<li class=\"ltr-4y8w0i-Body\" data-component=\"Body\">languette \u00e0 logo imprim\u00e9<\/li>\n<li class=\"ltr-4y8w0i-Body\" data-component=\"Body\">logo brod\u00e9 \u00e0 l&rsquo;arri\u00e8re<\/li>\n<li class=\"ltr-4y8w0i-Body\" data-component=\"Body\">contrefort \u00e0 logo<\/li>\n<li class=\"ltr-4y8w0i-Body\" data-component=\"Body\">chevilles rembourr\u00e9es<\/li>\n<li class=\"ltr-4y8w0i-Body\" data-component=\"Body\">semelle int\u00e9rieure \u00e0 logo<\/li>\n<li class=\"ltr-4y8w0i-Body\" data-component=\"Body\">semelle interm\u00e9diaire ABZORB\u00ae signature<\/li>\n<li class=\"ltr-4y8w0i-Body\" data-component=\"Body\">semelle \u00e9paisse en caoutchouc<\/li>\n<li class=\"ltr-4y8w0i-Body\" data-component=\"Body\">fermeture \u00e0 lacer sur le devant<\/li>\n<\/ul>\n<\/div>\n<div class=\"ltr-92qs1a\">\n<h4 class=\"ltr-2pfgen-Body-BodyBold\" data-component=\"BodyBold\">Composition<\/h4>\n<p class=\"ltr-4y8w0i-Body\" data-component=\"Body\"><span class=\"ltr-4y8w0i-Body\" data-component=\"Body\">Semelle : <\/span><span class=\"ltr-4y8w0i-Body\" data-component=\"Body\">caoutchouc 100%<\/span><\/p>\n<p class=\"ltr-4y8w0i-Body\" data-component=\"Body\"><span class=\"ltr-4y8w0i-Body\" data-component=\"Body\">Ext\u00e9rieur : <\/span><span class=\"ltr-4y8w0i-Body\" data-component=\"Body\">r\u00e9sille 100%, <\/span><span class=\"ltr-4y8w0i-Body\" data-component=\"Body\">cuir 100%<\/span><\/p>\n<p class=\"ltr-4y8w0i-Body\" data-component=\"Body\"><span class=\"ltr-4y8w0i-Body\" data-component=\"Body\">Doublure : <\/span><span class=\"ltr-4y8w0i-Body\" data-component=\"Body\">tissu 100%<\/span><\/p>\n<\/div>\n<div class=\"ltr-92qs1a\">\n<p>&nbsp;<\/p>\n<\/div>\n<\/div>\n<\/div>\n<\/div>\n","protected":false},"excerpt":{"rendered":"<p>INFORMATIONS PRODUIT New Balance baskets 1000 \u00e0 design m\u00e9tallis\u00e9 D\u00e9tails argent\u00e9\/noir design \u00e0 empi\u00e8cements empi\u00e8cement en mesh empi\u00e8cements \u00e0 effet m\u00e9tallis\u00e9 bout en amande patch logo sur le c\u00f4t\u00e9 languette \u00e0 logo imprim\u00e9 logo brod\u00e9 \u00e0 l&rsquo;arri\u00e8re contrefort \u00e0 logo chevilles rembourr\u00e9es semelle int\u00e9rieure \u00e0 logo semelle interm\u00e9diaire ABZORB\u00ae signature semelle \u00e9paisse en caoutchouc fermeture [&hellip;]<\/p>\n","protected":false},"featured_media":8945,"comment_status":"open","ping_status":"closed","template":"","meta":[],"product_brand":[],"product_cat":[78],"product_tag":[],"class_list":{"0":"post-8944","1":"product","2":"type-product","3":"status-publish","4":"has-post-thumbnail","6":"product_cat-new-balance","8":"first","9":"instock","10":"sale","11":"shipping-taxable","12":"purchasable","13":"product-type-variable"},"_links":{"self":[{"href":"https:\/\/walkin.tn\/index.php?rest_route=\/wp\/v2\/product\/8944","targetHints":{"allow":["GET"]}}],"collection":[{"href":"https:\/\/walkin.tn\/index.php?rest_route=\/wp\/v2\/product"}],"about":[{"href":"https:\/\/walkin.tn\/index.php?rest_route=\/wp\/v2\/types\/product"}],"replies":[{"embeddable":true,"href":"https:\/\/walkin.tn\/index.php?rest_route=%2Fwp%2Fv2%2Fcomments&post=8944"}],"wp:featuredmedia":[{"embeddable":true,"href":"https:\/\/walkin.tn\/index.php?rest_route=\/wp\/v2\/media\/8945"}],"wp:attachment":[{"href":"https:\/\/walkin.tn\/index.php?rest_route=%2Fwp%2Fv2%2Fmedia&parent=8944"}],"wp:term":[{"taxonomy":"product_brand","embeddable":true,"href":"https:\/\/walkin.tn\/index.php?rest_route=%2Fwp%2Fv2%2Fproduct_brand&post=8944"},{"taxonomy":"product_cat","embeddable":true,"href":"https:\/\/walkin.tn\/index.php?rest_route=%2Fwp%2Fv2%2Fproduct_cat&post=8944"},{"taxonomy":"product_tag","embeddable":true,"href":"https:\/\/walkin.tn\/index.php?rest_route=%2Fwp%2Fv2%2Fproduct_tag&post=8944"}],"curies":[{"name":"wp","href":"https:\/\/api.w.org\/{rel}","templated":true}]}}