{"id":10318,"date":"2026-04-04T10:42:47","date_gmt":"2026-04-04T10:42:47","guid":{"rendered":"https:\/\/walkin.tn\/?post_type=product&#038;p=10318"},"modified":"2026-04-04T10:42:48","modified_gmt":"2026-04-04T10:42:48","slug":"asics-gel-nyc-oyster-grey","status":"publish","type":"product","link":"https:\/\/walkin.tn\/?product=asics-gel-nyc-oyster-grey","title":{"rendered":"ASICS Gel-NYC Oyster Grey"},"content":{"rendered":"<div class=\"product__description-detail\">\n<p>As ASICS Gel-NYC na cor Cinzento Ostra combinam estilo e desempenho. Com uma parte superior em rede respir\u00e1vel e sobreposi\u00e7\u00f5es sint\u00e9ticas, estas sapatilhas garantem conforto e durabilidade. O sistema de amortecimento GEL oferece excelente absor\u00e7\u00e3o de impactos, e a sola de borracha proporciona ader\u00eancia em v\u00e1rias superf\u00edcies. O seu design elegante e cor vers\u00e1til tornam-nas perfeitas tanto para o uso di\u00e1rio como para atividades desportivas, unindo moda e funcionalidade na perfei\u00e7\u00e3o.<\/p>\n<p>SKU: 1201A789-103<\/p><\/div>\n<p><span class=\"btn-show-description\"><span class=\"des-read-more\">Lire plus<\/span><\/span><\/p>\n","protected":false},"excerpt":{"rendered":"<p>As ASICS Gel-NYC na cor Cinzento Ostra combinam estilo e desempenho. Com uma parte superior em rede respir\u00e1vel e sobreposi\u00e7\u00f5es sint\u00e9ticas, estas sapatilhas garantem conforto e durabilidade. O sistema de amortecimento GEL oferece excelente absor\u00e7\u00e3o de impactos, e a sola de borracha proporciona ader\u00eancia em v\u00e1rias superf\u00edcies. O seu design elegante e cor vers\u00e1til tornam-nas [&hellip;]<\/p>\n","protected":false},"featured_media":10324,"comment_status":"open","ping_status":"closed","template":"","meta":[],"product_brand":[],"product_cat":[15],"product_tag":[],"class_list":{"0":"post-10318","1":"product","2":"type-product","3":"status-publish","4":"has-post-thumbnail","6":"product_cat-uncategorized","8":"first","9":"instock","10":"sale","11":"shipping-taxable","12":"purchasable","13":"product-type-variable"},"_links":{"self":[{"href":"https:\/\/walkin.tn\/index.php?rest_route=\/wp\/v2\/product\/10318","targetHints":{"allow":["GET"]}}],"collection":[{"href":"https:\/\/walkin.tn\/index.php?rest_route=\/wp\/v2\/product"}],"about":[{"href":"https:\/\/walkin.tn\/index.php?rest_route=\/wp\/v2\/types\/product"}],"replies":[{"embeddable":true,"href":"https:\/\/walkin.tn\/index.php?rest_route=%2Fwp%2Fv2%2Fcomments&post=10318"}],"wp:featuredmedia":[{"embeddable":true,"href":"https:\/\/walkin.tn\/index.php?rest_route=\/wp\/v2\/media\/10324"}],"wp:attachment":[{"href":"https:\/\/walkin.tn\/index.php?rest_route=%2Fwp%2Fv2%2Fmedia&parent=10318"}],"wp:term":[{"taxonomy":"product_brand","embeddable":true,"href":"https:\/\/walkin.tn\/index.php?rest_route=%2Fwp%2Fv2%2Fproduct_brand&post=10318"},{"taxonomy":"product_cat","embeddable":true,"href":"https:\/\/walkin.tn\/index.php?rest_route=%2Fwp%2Fv2%2Fproduct_cat&post=10318"},{"taxonomy":"product_tag","embeddable":true,"href":"https:\/\/walkin.tn\/index.php?rest_route=%2Fwp%2Fv2%2Fproduct_tag&post=10318"}],"curies":[{"name":"wp","href":"https:\/\/api.w.org\/{rel}","templated":true}]}}