{"id":10288,"date":"2026-04-03T11:27:55","date_gmt":"2026-04-03T11:27:55","guid":{"rendered":"https:\/\/walkin.tn\/?post_type=product&#038;p=10288"},"modified":"2026-04-03T11:27:57","modified_gmt":"2026-04-03T11:27:57","slug":"adidas-handball-spezial-night-indigo-cream-white-cloud-white","status":"publish","type":"product","link":"https:\/\/walkin.tn\/?product=adidas-handball-spezial-night-indigo-cream-white-cloud-white","title":{"rendered":"Adidas Handball Spezial &lsquo;Night Indigo\/Cream White\/Cloud White&rsquo;"},"content":{"rendered":"<h4 class=\"ltr-2pfgen-Body-BodyBold\" data-component=\"BodyBold\">D\u00e9tails<\/h4>\n<ul class=\"_fdc1e5\">\n<li class=\"ltr-4y8w0i-Body\" data-component=\"Body\">indigo nuit\/blanc cr\u00e8me\/blanc nuage<\/li>\n<li class=\"ltr-4y8w0i-Body\" data-component=\"Body\">daim<\/li>\n<li class=\"ltr-4y8w0i-Body\" data-component=\"Body\">logo imprim\u00e9 sur le c\u00f4t\u00e9<\/li>\n<li class=\"ltr-4y8w0i-Body\" data-component=\"Body\">contrefort contrastant<\/li>\n<li class=\"ltr-4y8w0i-Body\" data-component=\"Body\">rayures 3-Stripes signature<\/li>\n<li class=\"ltr-4y8w0i-Body\" data-component=\"Body\">bout rond<\/li>\n<li class=\"ltr-4y8w0i-Body\" data-component=\"Body\">fermeture \u00e0 lacer sur le devant<\/li>\n<li class=\"ltr-4y8w0i-Body\" data-component=\"Body\">languette \u00e0 patch logo<\/li>\n<li class=\"ltr-4y8w0i-Body\" data-component=\"Body\">semelle int\u00e9rieure \u00e0 logo<\/li>\n<li class=\"ltr-4y8w0i-Body\" data-component=\"Body\">semelle en caoutchouc naturel<\/li>\n<li class=\"ltr-4y8w0i-Body\" data-component=\"Body\">Ces mod\u00e8les sont fournis par une plateforme de baskets premium et authentifi\u00e9es. Cette paire vous est propos\u00e9e par un fournisseur premium de baskets dont la s\u00e9lection se compose des mod\u00e8les les plus rares et les plus recherch\u00e9s au monde.<\/li>\n<\/ul>\n","protected":false},"excerpt":{"rendered":"<p>D\u00e9tails indigo nuit\/blanc cr\u00e8me\/blanc nuage daim logo imprim\u00e9 sur le c\u00f4t\u00e9 contrefort contrastant rayures 3-Stripes signature bout rond fermeture \u00e0 lacer sur le devant languette \u00e0 patch logo semelle int\u00e9rieure \u00e0 logo semelle en caoutchouc naturel Ces mod\u00e8les sont fournis par une plateforme de baskets premium et authentifi\u00e9es. Cette paire vous est propos\u00e9e par un [&hellip;]<\/p>\n","protected":false},"featured_media":10289,"comment_status":"open","ping_status":"closed","template":"","meta":[],"product_brand":[],"product_cat":[15],"product_tag":[],"class_list":{"0":"post-10288","1":"product","2":"type-product","3":"status-publish","4":"has-post-thumbnail","6":"product_cat-uncategorized","8":"first","9":"instock","10":"sale","11":"shipping-taxable","12":"purchasable","13":"product-type-variable"},"_links":{"self":[{"href":"https:\/\/walkin.tn\/index.php?rest_route=\/wp\/v2\/product\/10288","targetHints":{"allow":["GET"]}}],"collection":[{"href":"https:\/\/walkin.tn\/index.php?rest_route=\/wp\/v2\/product"}],"about":[{"href":"https:\/\/walkin.tn\/index.php?rest_route=\/wp\/v2\/types\/product"}],"replies":[{"embeddable":true,"href":"https:\/\/walkin.tn\/index.php?rest_route=%2Fwp%2Fv2%2Fcomments&post=10288"}],"wp:featuredmedia":[{"embeddable":true,"href":"https:\/\/walkin.tn\/index.php?rest_route=\/wp\/v2\/media\/10289"}],"wp:attachment":[{"href":"https:\/\/walkin.tn\/index.php?rest_route=%2Fwp%2Fv2%2Fmedia&parent=10288"}],"wp:term":[{"taxonomy":"product_brand","embeddable":true,"href":"https:\/\/walkin.tn\/index.php?rest_route=%2Fwp%2Fv2%2Fproduct_brand&post=10288"},{"taxonomy":"product_cat","embeddable":true,"href":"https:\/\/walkin.tn\/index.php?rest_route=%2Fwp%2Fv2%2Fproduct_cat&post=10288"},{"taxonomy":"product_tag","embeddable":true,"href":"https:\/\/walkin.tn\/index.php?rest_route=%2Fwp%2Fv2%2Fproduct_tag&post=10288"}],"curies":[{"name":"wp","href":"https:\/\/api.w.org\/{rel}","templated":true}]}}