{"id":10218,"date":"2026-03-30T12:21:58","date_gmt":"2026-03-30T12:21:58","guid":{"rendered":"https:\/\/walkin.tn\/?post_type=product&#038;p=10218"},"modified":"2026-03-30T12:22:00","modified_gmt":"2026-03-30T12:22:00","slug":"nike-baskets-dunk-retro-prm","status":"publish","type":"product","link":"https:\/\/walkin.tn\/?product=nike-baskets-dunk-retro-prm","title":{"rendered":"Nike baskets Dunk Retro PRM"},"content":{"rendered":"<h2 class=\"ltr-slxvo\" data-component=\"AccordionHeading\"><button id=\"accordion-unid-22-button-0\" class=\"ltr-g3vsg\" data-component=\"AccordionButton\" aria-controls=\"accordion-unid-22-section-0\" aria-expanded=\"true\" data-expanded=\"true\" aria-disabled=\"false\"><span class=\"ltr-1ozsvg7\" data-expanded=\"true\" data-component=\"ButtonText\">INFORMATIONS PRODUIT<\/span><\/button><\/h2>\n<div id=\"accordion-unid-22-section-0\" class=\"ltr-1e4us5j\" role=\"region\" data-component=\"AccordionPanel\" data-expanded=\"true\" aria-labelledby=\"accordion-unid-22-button-0\">\n<div class=\"ltr-1kok7po\" data-component=\"InnerPanel\">\n<div class=\"ltr-jeopbd\">\n<p class=\"ltr-4y8w0i-Body\" data-component=\"Body\">Blanc, marron, logo Swoosh signature, bout rond, bout perfor\u00e9, fermeture \u00e0 lacer sur le devant, languette \u00e0 patch logo, contrefort \u00e0 logo, semelle plate en caoutchouc. Cette paire vous est propos\u00e9e par un fournisseur premium de baskets dont la s\u00e9lection se compose des baskets parmi les plus rares et les plus recherch\u00e9es au monde.<\/p>\n<div class=\"ltr-92qs1a\">\n<h4 class=\"ltr-2pfgen-Body-BodyBold\" data-component=\"BodyBold\">Composition<\/h4>\n<p class=\"ltr-4y8w0i-Body\" data-component=\"Body\"><span class=\"ltr-4y8w0i-Body\" data-component=\"Body\">cuir 100%<\/span><\/p>\n<\/div>\n<\/div>\n<\/div>\n<\/div>\n","protected":false},"excerpt":{"rendered":"<p>INFORMATIONS PRODUIT Blanc, marron, logo Swoosh signature, bout rond, bout perfor\u00e9, fermeture \u00e0 lacer sur le devant, languette \u00e0 patch logo, contrefort \u00e0 logo, semelle plate en caoutchouc. Cette paire vous est propos\u00e9e par un fournisseur premium de baskets dont la s\u00e9lection se compose des baskets parmi les plus rares et les plus recherch\u00e9es au [&hellip;]<\/p>\n","protected":false},"featured_media":10219,"comment_status":"open","ping_status":"closed","template":"","meta":[],"product_brand":[],"product_cat":[15],"product_tag":[],"class_list":{"0":"post-10218","1":"product","2":"type-product","3":"status-publish","4":"has-post-thumbnail","6":"product_cat-uncategorized","8":"first","9":"instock","10":"sale","11":"shipping-taxable","12":"purchasable","13":"product-type-variable"},"_links":{"self":[{"href":"https:\/\/walkin.tn\/index.php?rest_route=\/wp\/v2\/product\/10218","targetHints":{"allow":["GET"]}}],"collection":[{"href":"https:\/\/walkin.tn\/index.php?rest_route=\/wp\/v2\/product"}],"about":[{"href":"https:\/\/walkin.tn\/index.php?rest_route=\/wp\/v2\/types\/product"}],"replies":[{"embeddable":true,"href":"https:\/\/walkin.tn\/index.php?rest_route=%2Fwp%2Fv2%2Fcomments&post=10218"}],"wp:featuredmedia":[{"embeddable":true,"href":"https:\/\/walkin.tn\/index.php?rest_route=\/wp\/v2\/media\/10219"}],"wp:attachment":[{"href":"https:\/\/walkin.tn\/index.php?rest_route=%2Fwp%2Fv2%2Fmedia&parent=10218"}],"wp:term":[{"taxonomy":"product_brand","embeddable":true,"href":"https:\/\/walkin.tn\/index.php?rest_route=%2Fwp%2Fv2%2Fproduct_brand&post=10218"},{"taxonomy":"product_cat","embeddable":true,"href":"https:\/\/walkin.tn\/index.php?rest_route=%2Fwp%2Fv2%2Fproduct_cat&post=10218"},{"taxonomy":"product_tag","embeddable":true,"href":"https:\/\/walkin.tn\/index.php?rest_route=%2Fwp%2Fv2%2Fproduct_tag&post=10218"}],"curies":[{"name":"wp","href":"https:\/\/api.w.org\/{rel}","templated":true}]}}