{"id":10210,"date":"2026-03-30T12:15:41","date_gmt":"2026-03-30T12:15:41","guid":{"rendered":"https:\/\/walkin.tn\/?post_type=product&#038;p=10210"},"modified":"2026-03-30T12:15:42","modified_gmt":"2026-03-30T12:15:42","slug":"jordan-baskets-jordan-1-patent-valentines-day","status":"publish","type":"product","link":"https:\/\/walkin.tn\/?product=jordan-baskets-jordan-1-patent-valentines-day","title":{"rendered":"Jordan baskets Jordan 1 &lsquo;Patent Valentine&rsquo;s Day&rsquo;"},"content":{"rendered":"<div class=\"ltr-f1suvu e1yiqd0\">\n<h4 class=\"ltr-2pfgen-Body-BodyBold\" data-component=\"BodyBold\">D\u00e9tails<\/h4>\n<ul class=\"_fdc1e5\">\n<li class=\"ltr-4y8w0i-Body\" data-component=\"Body\">rose corail<\/li>\n<li class=\"ltr-4y8w0i-Body\" data-component=\"Body\">fermeture \u00e0 lacer sur le devant<\/li>\n<li class=\"ltr-4y8w0i-Body\" data-component=\"Body\">logo Air Jordan Wings signature<\/li>\n<li class=\"ltr-4y8w0i-Body\" data-component=\"Body\">logo Swoosh signature<\/li>\n<li class=\"ltr-4y8w0i-Body\" data-component=\"Body\">motif Jumpman signature<\/li>\n<li class=\"ltr-4y8w0i-Body\" data-component=\"Body\">bout perfor\u00e9<\/li>\n<li class=\"ltr-4y8w0i-Body\" data-component=\"Body\">bout rond<\/li>\n<li class=\"ltr-4y8w0i-Body\" data-component=\"Body\">amorti Air signature<\/li>\n<li class=\"ltr-4y8w0i-Body\" data-component=\"Body\">semelle ext\u00e9rieure en caoutchouc<\/li>\n<li class=\"ltr-4y8w0i-Body\" data-component=\"Body\">Ces mod\u00e8les sont fournis par une plateforme de baskets premium et authentifi\u00e9es. ^ Cette paire vous est propos\u00e9e par un fournisseur premium de baskets dont la s\u00e9lection se compose des mod\u00e8les les plus rares et les plus recherch\u00e9s au monde.<\/li>\n<\/ul>\n<\/div>\n<div class=\"ltr-92qs1a\">\n<h4 class=\"ltr-2pfgen-Body-BodyBold\" data-component=\"BodyBold\">Composition<\/h4>\n<p class=\"ltr-4y8w0i-Body\" data-component=\"Body\"><span class=\"ltr-4y8w0i-Body\" data-component=\"Body\">Doublure : <\/span><span class=\"ltr-4y8w0i-Body\" data-component=\"Body\">tissu 100%<\/span><\/p>\n<p class=\"ltr-4y8w0i-Body\" data-component=\"Body\"><span class=\"ltr-4y8w0i-Body\" data-component=\"Body\">Ext\u00e9rieur : <\/span><span class=\"ltr-4y8w0i-Body\" data-component=\"Body\">cuir 100%, <\/span><span class=\"ltr-4y8w0i-Body\" data-component=\"Body\">cuir artificiel 100%<\/span><\/p>\n<p class=\"ltr-4y8w0i-Body\" data-component=\"Body\"><span class=\"ltr-4y8w0i-Body\" data-component=\"Body\">Semelle : <\/span><span class=\"ltr-4y8w0i-Body\" data-component=\"Body\">caoutchouc 100%<\/span><\/p>\n<\/div>\n","protected":false},"excerpt":{"rendered":"<p>D\u00e9tails rose corail fermeture \u00e0 lacer sur le devant logo Air Jordan Wings signature logo Swoosh signature motif Jumpman signature bout perfor\u00e9 bout rond amorti Air signature semelle ext\u00e9rieure en caoutchouc Ces mod\u00e8les sont fournis par une plateforme de baskets premium et authentifi\u00e9es. ^ Cette paire vous est propos\u00e9e par un fournisseur premium de baskets [&hellip;]<\/p>\n","protected":false},"featured_media":10211,"comment_status":"open","ping_status":"closed","template":"","meta":[],"product_brand":[],"product_cat":[15],"product_tag":[],"class_list":{"0":"post-10210","1":"product","2":"type-product","3":"status-publish","4":"has-post-thumbnail","6":"product_cat-uncategorized","8":"first","9":"instock","10":"sale","11":"shipping-taxable","12":"purchasable","13":"product-type-variable"},"_links":{"self":[{"href":"https:\/\/walkin.tn\/index.php?rest_route=\/wp\/v2\/product\/10210","targetHints":{"allow":["GET"]}}],"collection":[{"href":"https:\/\/walkin.tn\/index.php?rest_route=\/wp\/v2\/product"}],"about":[{"href":"https:\/\/walkin.tn\/index.php?rest_route=\/wp\/v2\/types\/product"}],"replies":[{"embeddable":true,"href":"https:\/\/walkin.tn\/index.php?rest_route=%2Fwp%2Fv2%2Fcomments&post=10210"}],"wp:featuredmedia":[{"embeddable":true,"href":"https:\/\/walkin.tn\/index.php?rest_route=\/wp\/v2\/media\/10211"}],"wp:attachment":[{"href":"https:\/\/walkin.tn\/index.php?rest_route=%2Fwp%2Fv2%2Fmedia&parent=10210"}],"wp:term":[{"taxonomy":"product_brand","embeddable":true,"href":"https:\/\/walkin.tn\/index.php?rest_route=%2Fwp%2Fv2%2Fproduct_brand&post=10210"},{"taxonomy":"product_cat","embeddable":true,"href":"https:\/\/walkin.tn\/index.php?rest_route=%2Fwp%2Fv2%2Fproduct_cat&post=10210"},{"taxonomy":"product_tag","embeddable":true,"href":"https:\/\/walkin.tn\/index.php?rest_route=%2Fwp%2Fv2%2Fproduct_tag&post=10210"}],"curies":[{"name":"wp","href":"https:\/\/api.w.org\/{rel}","templated":true}]}}