{"id":208,"date":"2024-06-10T08:18:19","date_gmt":"2024-06-10T08:18:19","guid":{"rendered":"https:\/\/raw.githubusercontent.com\/drfuri\/demo-content\/main\/ecomus\/fashion\/images\/?page_id=208"},"modified":"2026-01-14T12:49:19","modified_gmt":"2026-01-14T12:49:19","slug":"a-propos","status":"publish","type":"page","link":"https:\/\/walkin.tn\/?page_id=208","title":{"rendered":"A propos"},"content":{"rendered":"\t\t<div data-elementor-type=\"wp-page\" data-elementor-id=\"208\" class=\"elementor elementor-208\">\n\t\t\t\t<div class=\"elementor-element elementor-element-2e9fd948 e-flex e-con-boxed ecomus-responsive-column ecomus-tablet-column--default ecomus-responsive-column ecomus-mobile-column--default ecomus-responsive-column ecomus-motion--var(--position) e-con e-parent\" data-id=\"2e9fd948\" data-element_type=\"container\" data-e-type=\"container\" data-settings=\"{&quot;background_background&quot;:&quot;classic&quot;}\">\n\t\t\t\t\t<div class=\"e-con-inner\">\n\t\t\t\t<div class=\"elementor-element elementor-element-294a4692 elementor-widget elementor-widget-ecomus-heading\" data-id=\"294a4692\" data-element_type=\"widget\" data-e-type=\"widget\" data-widget_type=\"ecomus-heading.default\">\n\t\t\t\t<div class=\"elementor-widget-container\">\n\t\t\t\t\t\t\t<div class=\"ecomus-heading-elementor\">\n\t\t\t\t<h2 class=\"ecomus-heading em-flex em-flex-align-center ecomus-heading--default\">\n\t\t\t\t\t\t\t\t\t\tA propos\t\t\t\t<\/h2>\n\t\t\t<\/div>\n\t\t\t\t\t\t<\/div>\n\t\t\t\t<\/div>\n\t\t\t\t\t<\/div>\n\t\t\t\t<\/div>\n\t\t<div class=\"elementor-element elementor-element-3cae0f82 e-flex e-con-boxed ecomus-responsive-column ecomus-tablet-column--default ecomus-responsive-column ecomus-mobile-column--default ecomus-responsive-column ecomus-motion--var(--position) e-con e-parent\" data-id=\"3cae0f82\" data-element_type=\"container\" data-e-type=\"container\">\n\t\t\t\t\t<div class=\"e-con-inner\">\n\t\t\t\t<div class=\"elementor-element elementor-element-7cc5eec9 elementor-widget elementor-widget-ecomus-heading\" data-id=\"7cc5eec9\" data-element_type=\"widget\" data-e-type=\"widget\" data-widget_type=\"ecomus-heading.default\">\n\t\t\t\t<div class=\"elementor-widget-container\">\n\t\t\t\t\t\t\t<div class=\"ecomus-heading-elementor\">\n\t\t\t\t<h4 class=\"ecomus-heading em-flex em-flex-align-center ecomus-heading--default\">\n\t\t\t\t\t\t\t\t\t\tA propos de Walkin tn\t\t\t\t<\/h4>\n\t\t\t<\/div>\n\t\t\t\t\t\t<\/div>\n\t\t\t\t<\/div>\n\t\t\t\t<div class=\"elementor-element elementor-element-3e0f360a elementor-widget__width-initial elementor-widget elementor-widget-text-editor\" data-id=\"3e0f360a\" data-element_type=\"widget\" data-e-type=\"widget\" data-widget_type=\"text-editor.default\">\n\t\t\t\t<div class=\"elementor-widget-container\">\n\t\t\t\t\t\t\t\t\t<p>Fond\u00e9e en Tunisie, <strong>Walkin tn<\/strong> est une boutique en ligne sp\u00e9cialis\u00e9e dans la vente de chaussures pour hommes, femmes et enfants. Notre objectif est simple mais ambitieux : offrir \u00e0 chaque Tunisien et Tunisienne des chaussures styl\u00e9es, confortables et accessibles, livr\u00e9es rapidement partout dans le pays.<\/p>\t\t\t\t\t\t\t\t<\/div>\n\t\t\t\t<\/div>\n\t\t\t\t\t<\/div>\n\t\t\t\t<\/div>\n\t\t<div class=\"elementor-element elementor-element-4e99606e e-flex e-con-boxed ecomus-responsive-column ecomus-tablet-column--default ecomus-responsive-column ecomus-mobile-column--default ecomus-responsive-column ecomus-motion--var(--position) e-con e-parent\" data-id=\"4e99606e\" data-element_type=\"container\" data-e-type=\"container\">\n\t\t\t\t\t<div class=\"e-con-inner\">\n\t\t\t\t<div class=\"elementor-element elementor-element-53e63a3 elementor-widget-divider--view-line elementor-widget elementor-widget-divider\" data-id=\"53e63a3\" data-element_type=\"widget\" data-e-type=\"widget\" data-widget_type=\"divider.default\">\n\t\t\t\t<div class=\"elementor-widget-container\">\n\t\t\t\t\t\t\t<div class=\"elementor-divider\">\n\t\t\t<span class=\"elementor-divider-separator\">\n\t\t\t\t\t\t<\/span>\n\t\t<\/div>\n\t\t\t\t\t\t<\/div>\n\t\t\t\t<\/div>\n\t\t\t\t\t<\/div>\n\t\t\t\t<\/div>\n\t\t<div class=\"elementor-element elementor-element-7f2521e7 e-flex e-con-boxed ecomus-responsive-column ecomus-tablet-column--default ecomus-responsive-column ecomus-mobile-column--default ecomus-responsive-column ecomus-motion--var(--position) e-con e-parent\" data-id=\"7f2521e7\" data-element_type=\"container\" data-e-type=\"container\">\n\t\t\t\t\t<div class=\"e-con-inner\">\n\t\t<div class=\"elementor-element elementor-element-85478d2 e-con-full e-flex ecomus-responsive-column ecomus-tablet-column--default ecomus-responsive-column ecomus-mobile-column--default ecomus-responsive-column ecomus-motion--var(--position) e-con e-child\" data-id=\"85478d2\" data-element_type=\"container\" data-e-type=\"container\">\n\t\t\t\t<div class=\"elementor-element elementor-element-5f2ce297 elementor-widget elementor-widget-image\" data-id=\"5f2ce297\" data-element_type=\"widget\" data-e-type=\"widget\" data-widget_type=\"image.default\">\n\t\t\t\t<div class=\"elementor-widget-container\">\n\t\t\t\t\t\t\t\t\t\t\t\t\t\t\t<img fetchpriority=\"high\" decoding=\"async\" width=\"1140\" height=\"1140\" src=\"https:\/\/walkin.tn\/wp-content\/uploads\/2026\/01\/IMG_9853.jpeg\" class=\"attachment-full size-full wp-image-8832\" alt=\"\" srcset=\"https:\/\/walkin.tn\/wp-content\/uploads\/2026\/01\/IMG_9853.jpeg 1140w, https:\/\/walkin.tn\/wp-content\/uploads\/2026\/01\/IMG_9853-300x300.jpeg 300w, https:\/\/walkin.tn\/wp-content\/uploads\/2026\/01\/IMG_9853-1024x1024.jpeg 1024w, https:\/\/walkin.tn\/wp-content\/uploads\/2026\/01\/IMG_9853-150x150.jpeg 150w, https:\/\/walkin.tn\/wp-content\/uploads\/2026\/01\/IMG_9853-768x768.jpeg 768w, https:\/\/walkin.tn\/wp-content\/uploads\/2026\/01\/IMG_9853-600x600.jpeg 600w, https:\/\/walkin.tn\/wp-content\/uploads\/2026\/01\/IMG_9853-130x130.jpeg 130w\" sizes=\"(max-width: 1140px) 100vw, 1140px\" \/>\t\t\t\t\t\t\t\t\t\t\t\t\t\t\t<\/div>\n\t\t\t\t<\/div>\n\t\t\t\t<\/div>\n\t\t<div class=\"elementor-element elementor-element-7856338f e-con-full e-flex ecomus-responsive-column ecomus-tablet-column--default ecomus-responsive-column ecomus-mobile-column--default ecomus-responsive-column ecomus-motion--var(--position) e-con e-child\" data-id=\"7856338f\" data-element_type=\"container\" data-e-type=\"container\">\n\t\t<div class=\"elementor-element elementor-element-5ca1bd3b e-flex e-con-boxed ecomus-responsive-column ecomus-tablet-column--default ecomus-responsive-column ecomus-mobile-column--default ecomus-responsive-column ecomus-motion--var(--position) e-con e-child\" data-id=\"5ca1bd3b\" data-element_type=\"container\" data-e-type=\"container\">\n\t\t\t\t\t<div class=\"e-con-inner\">\n\t\t\t\t<div class=\"elementor-element elementor-element-12cc2d10 elementor-widget elementor-widget-ecomus-heading\" data-id=\"12cc2d10\" data-element_type=\"widget\" data-e-type=\"widget\" data-widget_type=\"ecomus-heading.default\">\n\t\t\t\t<div class=\"elementor-widget-container\">\n\t\t\t\t\t\t\t<div class=\"ecomus-heading-elementor\">\n\t\t\t\t<h5 class=\"ecomus-heading em-flex em-flex-align-center ecomus-heading--default\">\n\t\t\t\t\t\t\t\t\t\tNotre s\u00e9lection : qualit\u00e9, tendance et confort\t\t\t\t<\/h5>\n\t\t\t<\/div>\n\t\t\t\t\t\t<\/div>\n\t\t\t\t<\/div>\n\t\t\t\t<div class=\"elementor-element elementor-element-5629a737 elementor-widget elementor-widget-text-editor\" data-id=\"5629a737\" data-element_type=\"widget\" data-e-type=\"widget\" data-widget_type=\"text-editor.default\">\n\t\t\t\t<div class=\"elementor-widget-container\">\n\t\t\t\t\t\t\t\t\t<div>Chaque paire de chaussures que nous proposons est choisie avec soin. Nous collaborons avec des fournisseurs de confiance pour garantir des produits :<\/div><div>\u2022Confortables, pour accompagner vos journ\u00e9es actives.<\/div><div>\u2022Tendances, pour rester toujours \u00e0 la mode.<\/div><div>\u2022Accessibles, avec un excellent rapport qualit\u00e9\/prix.<\/div>\t\t\t\t\t\t\t\t<\/div>\n\t\t\t\t<\/div>\n\t\t\t\t\t<\/div>\n\t\t\t\t<\/div>\n\t\t\t\t<\/div>\n\t\t\t\t\t<\/div>\n\t\t\t\t<\/div>\n\t\t<div class=\"elementor-element elementor-element-296c666f e-flex e-con-boxed ecomus-responsive-column ecomus-tablet-column--default ecomus-responsive-column ecomus-mobile-column--default ecomus-responsive-column ecomus-motion--var(--position) e-con e-parent\" data-id=\"296c666f\" data-element_type=\"container\" data-e-type=\"container\">\n\t\t\t\t\t<div class=\"e-con-inner\">\n\t\t<div class=\"elementor-element elementor-element-5b1679de e-con-full e-flex ecomus-responsive-column ecomus-tablet-column--default ecomus-responsive-column ecomus-mobile-column--default ecomus-responsive-column ecomus-motion--var(--position) e-con e-child\" data-id=\"5b1679de\" data-element_type=\"container\" data-e-type=\"container\">\n\t\t<div class=\"elementor-element elementor-element-41177bd6 e-flex e-con-boxed ecomus-responsive-column ecomus-tablet-column--default ecomus-responsive-column ecomus-mobile-column--default ecomus-responsive-column ecomus-motion--var(--position) e-con e-child\" data-id=\"41177bd6\" data-element_type=\"container\" data-e-type=\"container\">\n\t\t\t\t\t<div class=\"e-con-inner\">\n\t\t\t\t<div class=\"elementor-element elementor-element-4422482b elementor-widget-mobile__width-inherit elementor-widget elementor-widget-ecomus-heading\" data-id=\"4422482b\" data-element_type=\"widget\" data-e-type=\"widget\" data-widget_type=\"ecomus-heading.default\">\n\t\t\t\t<div class=\"elementor-widget-container\">\n\t\t\t\t\t\t\t<div class=\"ecomus-heading-elementor\">\n\t\t\t\t<h5 class=\"ecomus-heading em-flex em-flex-align-center ecomus-heading--default\">\n\t\t\t\t\t\t\t\t\t\t Notre promesse : un service rapide et fiable\t\t\t\t<\/h5>\n\t\t\t<\/div>\n\t\t\t\t\t\t<\/div>\n\t\t\t\t<\/div>\n\t\t\t\t<div class=\"elementor-element elementor-element-12bc2167 elementor-widget elementor-widget-text-editor\" data-id=\"12bc2167\" data-element_type=\"widget\" data-e-type=\"widget\" data-widget_type=\"text-editor.default\">\n\t\t\t\t<div class=\"elementor-widget-container\">\n\t\t\t\t\t\t\t\t\t<p>Parce que nous savons que vous aimez recevoir vos achats rapidement, <strong>Walkin tn<\/strong> assure la livraison dans toutes les r\u00e9gions de la Tunisie en 24 \u00e0 48 heures. Vous avez \u00e9galement la possibilit\u00e9 de payer \u00e0 la livraison, en toute s\u00e9curit\u00e9.<\/p>\t\t\t\t\t\t\t\t<\/div>\n\t\t\t\t<\/div>\n\t\t\t\t\t<\/div>\n\t\t\t\t<\/div>\n\t\t\t\t<\/div>\n\t\t<div class=\"elementor-element elementor-element-2e9c393e e-con-full e-flex ecomus-responsive-column ecomus-tablet-column--default ecomus-responsive-column ecomus-mobile-column--default ecomus-responsive-column ecomus-motion--var(--position) e-con e-child\" data-id=\"2e9c393e\" data-element_type=\"container\" data-e-type=\"container\">\n\t\t\t\t<div class=\"elementor-element elementor-element-994dc05 elementor-hidden-mobile elementor-widget elementor-widget-ecomus-dual-image\" data-id=\"994dc05\" data-element_type=\"widget\" data-e-type=\"widget\" data-widget_type=\"ecomus-dual-image.default\">\n\t\t\t\t<div class=\"elementor-widget-container\">\n\t\t\t\t\t\n\t\t<div class=\"ecomus-dual-image-elementor ecomus-dual-image--layout-1 em-relative\">\n\t\t\t<div class=\"ecomus-dual-image__primary-image em-ratio \">\n\t\t\t\t\t\t\t\t<span class=\"em-responsive-image em-responsive-image__desktop \"><img decoding=\"async\" width=\"1007\" height=\"714\" src=\"https:\/\/walkin.tn\/wp-content\/uploads\/2026\/01\/IMG_9773.webp\" class=\"attachment-full size-full wp-image-8746\" alt=\"\" srcset=\"https:\/\/walkin.tn\/wp-content\/uploads\/2026\/01\/IMG_9773.webp 1007w, https:\/\/walkin.tn\/wp-content\/uploads\/2026\/01\/IMG_9773-300x213.webp 300w, https:\/\/walkin.tn\/wp-content\/uploads\/2026\/01\/IMG_9773-768x545.webp 768w, https:\/\/walkin.tn\/wp-content\/uploads\/2026\/01\/IMG_9773-600x425.webp 600w, https:\/\/walkin.tn\/wp-content\/uploads\/2026\/01\/IMG_9773-130x92.webp 130w\" sizes=\"(max-width: 1007px) 100vw, 1007px\" \/><\/span>\t\t\t\t\t\t\t<\/div>\n\t\t\t<div class=\"ecomus-dual-image__secondary-image em-ratio \">\n\t\t\t\t\t\t\t\t\t<span class=\"em-responsive-image em-responsive-image__desktop \"><img decoding=\"async\" width=\"1007\" height=\"714\" src=\"https:\/\/walkin.tn\/wp-content\/uploads\/2026\/01\/IMG_9774.jpeg\" class=\"attachment-full size-full wp-image-8747\" alt=\"\" srcset=\"https:\/\/walkin.tn\/wp-content\/uploads\/2026\/01\/IMG_9774.jpeg 1007w, https:\/\/walkin.tn\/wp-content\/uploads\/2026\/01\/IMG_9774-300x213.jpeg 300w, https:\/\/walkin.tn\/wp-content\/uploads\/2026\/01\/IMG_9774-768x545.jpeg 768w, https:\/\/walkin.tn\/wp-content\/uploads\/2026\/01\/IMG_9774-600x425.jpeg 600w, https:\/\/walkin.tn\/wp-content\/uploads\/2026\/01\/IMG_9774-130x92.jpeg 130w\" sizes=\"(max-width: 1007px) 100vw, 1007px\" \/><\/span>\t\t\t\t\t\t\t<\/div>\n\t\t\t\t\t<\/div>\n\t\t\t\t\t\t<\/div>\n\t\t\t\t<\/div>\n\t\t\t\t<\/div>\n\t\t\t\t\t<\/div>\n\t\t\t\t<\/div>\n\t\t<div class=\"elementor-element elementor-element-a6d4bc4 e-flex e-con-boxed ecomus-responsive-column ecomus-tablet-column--default ecomus-responsive-column ecomus-mobile-column--default ecomus-responsive-column ecomus-motion--var(--position) e-con e-parent\" data-id=\"a6d4bc4\" data-element_type=\"container\" data-e-type=\"container\">\n\t\t\t\t\t<div class=\"e-con-inner\">\n\t\t<div class=\"elementor-element elementor-element-478ac4b8 e-flex e-con-boxed ecomus-responsive-column ecomus-tablet-column--default ecomus-responsive-column ecomus-mobile-column--default ecomus-responsive-column ecomus-motion--var(--position) e-con e-child\" data-id=\"478ac4b8\" data-element_type=\"container\" data-e-type=\"container\" data-settings=\"{&quot;background_background&quot;:&quot;classic&quot;}\">\n\t\t\t\t\t<div class=\"e-con-inner\">\n\t\t\t\t<div class=\"elementor-element elementor-element-7e9b1412 elementor-widget elementor-widget-ecomus-heading\" data-id=\"7e9b1412\" data-element_type=\"widget\" data-e-type=\"widget\" data-widget_type=\"ecomus-heading.default\">\n\t\t\t\t<div class=\"elementor-widget-container\">\n\t\t\t\t\t\t\t<div class=\"ecomus-heading-elementor\">\n\t\t\t\t<h4 class=\"ecomus-heading em-flex em-flex-align-center ecomus-heading--default\">\n\t\t\t\t\t\t\t\t\t\tLa qualit\u00e9 est notre priorit\u00e9\t\t\t\t<\/h4>\n\t\t\t<\/div>\n\t\t\t\t\t\t<\/div>\n\t\t\t\t<\/div>\n\t\t<div class=\"elementor-element elementor-element-4f7999bf e-flex e-con-boxed ecomus-responsive-column ecomus-tablet-column--default ecomus-responsive-column ecomus-mobile-column--default ecomus-responsive-column ecomus-motion--var(--position) e-con e-child\" data-id=\"4f7999bf\" data-element_type=\"container\" data-e-type=\"container\">\n\t\t\t\t\t<div class=\"e-con-inner\">\n\t\t\t\t<div class=\"elementor-element elementor-element-4e7e3c10 elementor-widget elementor-widget-text-editor\" data-id=\"4e7e3c10\" data-element_type=\"widget\" data-e-type=\"widget\" data-widget_type=\"text-editor.default\">\n\t\t\t\t<div class=\"elementor-widget-container\">\n\t\t\t\t\t\t\t\t\t<p>Fond\u00e9e en Tunisie, Walkin tn est une boutique en ligne sp\u00e9cialis\u00e9e dans la vente de chaussures pour hommes, femmes et enfants.<br \/>Notre mission est d\u2019offrir \u00e0 chaque Tunisien et Tunisienne des chaussures modernes, confortables et accessibles, avec une livraison rapide partout en Tunisie.<\/p>\t\t\t\t\t\t\t\t<\/div>\n\t\t\t\t<\/div>\n\t\t\t\t\t<\/div>\n\t\t\t\t<\/div>\n\t\t<div class=\"elementor-element elementor-element-71856018 e-con-full e-flex ecomus-responsive-column ecomus-tablet-column--default ecomus-responsive-column ecomus-mobile-column--default ecomus-responsive-column ecomus-motion--var(--position) e-con e-child\" data-id=\"71856018\" data-element_type=\"container\" data-e-type=\"container\">\n\t\t\t\t<div class=\"elementor-element elementor-element-2fb305b navigation-class--tabletdots navigation-class--mobiledots ecomus-icon-box__icon-alignment--center navigation-class-arrows ecomus-icon-box__icon-position--top elementor-widget elementor-widget-ecomus-icon-box-carousel\" data-id=\"2fb305b\" data-element_type=\"widget\" data-e-type=\"widget\" data-settings=\"{&quot;image_spacing_custom&quot;:50,&quot;image_spacing_custom_tablet&quot;:30,&quot;image_spacing_custom_mobile&quot;:15,&quot;slides_to_show_tablet&quot;:2,&quot;slides_to_show_mobile&quot;:1,&quot;slides_to_scroll_tablet&quot;:2,&quot;slides_to_scroll_mobile&quot;:1,&quot;slides_to_show&quot;:3,&quot;slides_to_scroll&quot;:1,&quot;navigation&quot;:&quot;both&quot;,&quot;speed&quot;:800}\" data-widget_type=\"ecomus-icon-box-carousel.default\">\n\t\t\t\t<div class=\"elementor-widget-container\">\n\t\t\t\t\t<div class=\"ecomus-icon-box-carousel--elementor ecomus-carousel--elementor\"><div class=\"ecomus-icon-box-carousel__container swiper\" style=\"--em-swiper-items-space: 50px;\"><div class=\"ecomus-icon-box-carousel__wrapper swiper-wrapper mobile-col-1 tablet-col-2 columns-3\"><div class=\"elementor-repeater-item-9874781 ecomus-icon-box icon-type-icon swiper-slide\"><div class=\"ecomus-icon-box__icon\"><span class=\"ecomus-svg-icon\"><svg xmlns=\"http:\/\/www.w3.org\/2000\/svg\" class=\"\" width=\"40\" height=\"40\" viewBox=\"0 0 40 40\"><path d=\"M39.7021 1.27152L39.5688 0.431126L38.7284 0.297845C38.5475 0.269173 34.2293 -0.396685 28.4414 0.360892C25.0362 0.806672 21.8259 1.65659 18.8998 2.88706C15.2225 4.43346 11.9885 6.58697 9.28775 9.28783C6.5869 11.9886 4.43338 15.2227 2.88698 18.8999C1.65651 21.8259 0.806594 25.0362 0.360892 28.4414C-0.396685 34.2292 0.269173 38.5473 0.297845 38.7284L0.431204 39.5688L1.27152 39.7021C1.38737 39.7204 3.19846 40 6.00565 40C7.86244 39.9998 9.71726 39.8793 11.5584 39.6391C14.9637 39.1933 18.174 38.3434 21.1001 37.1129C24.7773 35.5665 28.0114 33.413 30.7122 30.7122C33.4129 28.0113 35.5665 24.7773 37.1129 21.1001C38.3435 18.174 39.1934 14.9638 39.6391 11.5584C40.3966 5.77065 39.7307 1.45253 39.7021 1.27152ZM37.3153 11.2542C36.8967 14.4517 36.1018 17.4587 34.9525 20.1915C33.5244 23.5877 31.5401 26.5697 29.055 29.055C26.5796 31.5304 23.6108 33.509 20.2312 34.9358C17.5084 36.0854 14.512 36.8829 11.3256 37.3058C8.37814 37.6971 5.80612 37.6919 4.05393 37.6032L20.8286 20.8284L19.1715 19.1713L2.39526 35.9476C2.30698 34.2133 2.30159 31.6722 2.68472 28.7457C3.10323 25.5482 3.89823 22.5412 5.04745 19.8084C6.47557 16.4122 8.45986 13.4302 10.9451 10.9449C13.4205 8.46955 16.3893 6.49088 19.7688 5.06409C22.4917 3.91448 25.488 3.11706 28.6745 2.69409C32.6761 2.16284 35.9876 2.36214 37.4914 2.50972C37.6386 4.0012 37.8366 7.27205 37.3153 11.2542Z\"><\/path><\/svg><\/span><\/div><div class=\"ecomus-icon-box__wrapper\">\t\t\t\t\t\t\t\t\t<h5 class=\"ecomus-icon-box__title\">\n\t\t\t\t\t\t\t\t\t\n\t\t\t\t\t\t\t\t\t\t Qualit\u00e9 et Confort\n\t\t\t\t\t\t\t\t\t\t\n\t\t\t\t\t\t\t\t\t\t<\/h5>\n\t\t\t\t\t\t\t\t\t<div class=\"ecomus-icon-box__content\">Chaque paire de chaussures est soigneusement s\u00e9lectionn\u00e9e aupr\u00e8s de fournisseurs de confiance.\nNos produits sont con\u00e7us pour assurer un confort optimal au quotidien, tout en garantissant une excellente durabilit\u00e9.<\/div><\/div><\/div><div class=\"elementor-repeater-item-c763c2e ecomus-icon-box icon-type-icon swiper-slide\"><div class=\"ecomus-icon-box__icon\"><span class=\"ecomus-svg-icon\"><svg xmlns=\"http:\/\/www.w3.org\/2000\/svg\" class=\"\" width=\"40\" height=\"40\" viewBox=\"0 0 40 40\"><path d=\"M20 0.0224609L0 29.6461L20 39.9773L40 29.6461L20 0.0224609ZM18.8275 36.7323L4.26422 29.2094L18.8276 21.6864L18.8275 36.7323ZM18.8275 19.0471L5.24977 26.061L18.8275 5.94988V19.0471ZM21.1725 5.94988L34.7502 26.0611L21.1725 19.0471V5.94988ZM21.1725 21.6864L35.7359 29.2094L21.1725 36.7323V21.6864Z\"><\/path><\/svg><\/span><\/div><div class=\"ecomus-icon-box__wrapper\">\t\t\t\t\t\t\t\t\t<h5 class=\"ecomus-icon-box__title\">\n\t\t\t\t\t\t\t\t\t\n\t\t\t\t\t\t\t\t\t\tStyle et Tendance\n\t\t\t\t\t\t\t\t\t\t\n\t\t\t\t\t\t\t\t\t\t<\/h5>\n\t\t\t\t\t\t\t\t\t<div class=\"ecomus-icon-box__content\">Chez Walkin tn, nous suivons de pr\u00e8s les derni\u00e8res tendances de la mode.\nNotre collection vous permet d\u2019adopter un style moderne et \u00e9l\u00e9gant, adapt\u00e9 \u00e0 tous les go\u00fbts et \u00e0 toutes les occasions.<\/div><\/div><\/div><div class=\"elementor-repeater-item-fc36fd4 ecomus-icon-box icon-type-icon swiper-slide\"><div class=\"ecomus-icon-box__icon\"><span class=\"ecomus-svg-icon\"><svg xmlns=\"http:\/\/www.w3.org\/2000\/svg\" class=\"\" width=\"40\" height=\"40\" viewBox=\"0 0 40 40\"><path d=\"M20 5.858L25.856 0L28.2145 2.3585L22.357 8.2145L29.4285 15.2865L27.072 17.643L11.7835 2.357L14.142 0L20 5.858ZM34.142 20L40 25.856L37.6415 28.2145L31.7835 22.357L24.7135 29.4285L22.357 27.072L37.643 11.7855L40 14.142L34.142 20ZM20.0015 34.142L14.1455 40L11.787 37.6415L17.645 31.7835L10.573 24.7135L12.9295 22.357L28.2165 37.643L25.8595 40L20.0015 34.142ZM5.858 20L0 14.142L2.3585 11.7835L8.2165 17.643L15.2865 10.57L17.643 12.9265L2.357 28.2145L0 25.858L5.858 20Z\"><\/path><\/svg><\/span><\/div><div class=\"ecomus-icon-box__wrapper\">\t\t\t\t\t\t\t\t\t<h5 class=\"ecomus-icon-box__title\">\n\t\t\t\t\t\t\t\t\t\n\t\t\t\t\t\t\t\t\t\t Tailles Vari\u00e9es &amp; Livraison Rapide\n\t\t\t\t\t\t\t\t\t\t\n\t\t\t\t\t\t\t\t\t\t<\/h5>\n\t\t\t\t\t\t\t\t\t<div class=\"ecomus-icon-box__content\">Nous proposons une large gamme de tailles pour hommes, femmes et enfants, afin de r\u00e9pondre \u00e0 tous les besoins.\nLa livraison est assur\u00e9e dans toute la Tunisie en 24 \u00e0 48 heures, avec la possibilit\u00e9 de paiement \u00e0 la livraison, en toute s\u00e9curit\u00e9.<\/div><\/div><\/div><\/div><\/div><span class=\"ecomus-svg-icon ecomus-svg-icon--left-mini elementor-swiper-button-prev swiper-button\" ><svg aria-hidden=\"true\" role=\"img\" focusable=\"false\" width=\"7\" height=\"11\" viewBox=\"0 0 7 11\" fill=\"currentColor\" xmlns=\"http:\/\/www.w3.org\/2000\/svg\"><path d=\"M5.5 11L0 5.5L5.5 0L6.47625 0.97625L1.9525 5.5L6.47625 10.0238L5.5 11Z\" fill=\"currentColor\"\/><\/svg><\/span><span class=\"ecomus-svg-icon ecomus-svg-icon--right-mini elementor-swiper-button-next swiper-button\" ><svg aria-hidden=\"true\" role=\"img\" focusable=\"false\" width=\"7\" height=\"11\" viewBox=\"0 0 7 11\" fill=\"currentColor\" xmlns=\"http:\/\/www.w3.org\/2000\/svg\"><path d=\"M1.5 11L7 5.5L1.5 0L0.52375 0.97625L5.0475 5.5L0.52375 10.0238L1.5 11Z\" fill=\"currentColor\"\/><\/svg><\/span><div class=\"swiper-pagination  swiper-pagination-bullet--small\"><\/div><\/div>\t\t\t\t<\/div>\n\t\t\t\t<\/div>\n\t\t\t\t<\/div>\n\t\t\t\t\t<\/div>\n\t\t\t\t<\/div>\n\t\t\t\t\t<\/div>\n\t\t\t\t<\/div>\n\t\t\t\t<\/div>\n\t\t","protected":false},"excerpt":{"rendered":"<p>A propos A propos de Walkin tn Fond\u00e9e en Tunisie, Walkin tn est une boutique en ligne sp\u00e9cialis\u00e9e dans la vente de chaussures pour hommes, femmes et enfants. Notre objectif est simple mais ambitieux : offrir \u00e0 chaque Tunisien et Tunisienne des chaussures styl\u00e9es, confortables et accessibles, livr\u00e9es rapidement partout dans le pays. Notre s\u00e9lection [&hellip;]<\/p>\n","protected":false},"author":1,"featured_media":0,"parent":0,"menu_order":0,"comment_status":"closed","ping_status":"closed","template":"","meta":{"footnotes":""},"class_list":["post-208","page","type-page","status-publish","hentry"],"_links":{"self":[{"href":"https:\/\/walkin.tn\/index.php?rest_route=\/wp\/v2\/pages\/208","targetHints":{"allow":["GET"]}}],"collection":[{"href":"https:\/\/walkin.tn\/index.php?rest_route=\/wp\/v2\/pages"}],"about":[{"href":"https:\/\/walkin.tn\/index.php?rest_route=\/wp\/v2\/types\/page"}],"author":[{"embeddable":true,"href":"https:\/\/walkin.tn\/index.php?rest_route=\/wp\/v2\/users\/1"}],"replies":[{"embeddable":true,"href":"https:\/\/walkin.tn\/index.php?rest_route=%2Fwp%2Fv2%2Fcomments&post=208"}],"version-history":[{"count":40,"href":"https:\/\/walkin.tn\/index.php?rest_route=\/wp\/v2\/pages\/208\/revisions"}],"predecessor-version":[{"id":8871,"href":"https:\/\/walkin.tn\/index.php?rest_route=\/wp\/v2\/pages\/208\/revisions\/8871"}],"wp:attachment":[{"href":"https:\/\/walkin.tn\/index.php?rest_route=%2Fwp%2Fv2%2Fmedia&parent=208"}],"curies":[{"name":"wp","href":"https:\/\/api.w.org\/{rel}","templated":true}]}}